{"id":782,"date":"2023-03-15T09:06:18","date_gmt":"2023-03-15T08:06:18","guid":{"rendered":"http:\/\/www.krantz.unipr.it\/?post_type=product&#038;p=782"},"modified":"2023-03-15T09:14:47","modified_gmt":"2023-03-15T08:14:47","slug":"382-fonolite-a-melanite","status":"publish","type":"product","link":"http:\/\/www.krantz.unipr.it\/index.php\/prodotto\/382-fonolite-a-melanite\/","title":{"rendered":"382- Fonolite a Melanite"},"content":{"rendered":"<p><strong>DESCRIZIONE:<\/strong><\/p>\n<p>La melanite \u00e8 una gemma di granato nero lucido che a volte viene chiamata &#8220;andradite titanica&#8221; a causa del suo contenuto di titanio. \u00c8 una delle tre variet\u00e0 della rara andradite granato gruppo, e non deve essere confuso con la melonite, che \u00e8 un tellururo di nichel. Andradite prende il nome dal mineralogista portoghese che la scopr\u00ec; Jose Bonifacio de Andrada e Silva (1763 &#8211; 1838), che fu anche responsabile della scoperta di altri tre minerali. Andradite ha un alto indice di rifrazione. Ci\u00f2 significa che il granato andradite ha una bella lucentezza. Il raro, verde granato demantoide \u00e8 anche un tipo di andradite apprezzato per la sua lucentezza. Infatti il nome &#8220;demantoid&#8221; \u00e8 preso dalla parola tedesca &#8220;demant&#8221;, che significa &#8220;diamante&#8221;, in riferimento alla sua brillantezza.<\/p>\n<p><strong>VISTA A 360\u00b0<\/strong><\/p>\n<p><iframe loading=\"lazy\" src=\"https:\/\/www.krantz.unipr.it\/360\/382- Fonolite a Melanite\/382- Fonolite a Melanite.html\" width=\"1100\" height=\"700\"><span style=\"display: inline-block; width: 0px; overflow: hidden; line-height: 0;\" data-mce-type=\"bookmark\" class=\"mce_SELRES_start\">\ufeff<\/span><span style=\"display: inline-block; width: 0px; overflow: hidden; line-height: 0;\" data-mce-type=\"bookmark\" class=\"mce_SELRES_start\">\ufeff<\/span><span style=\"display: inline-block; width: 0px; overflow: hidden; line-height: 0;\" data-mce-type=\"bookmark\" class=\"mce_SELRES_start\">\ufeff<\/span><span style=\"display: inline-block; width: 0px; overflow: hidden; line-height: 0;\" data-mce-type=\"bookmark\" class=\"mce_SELRES_start\">\ufeff<\/span><span style=\"display: inline-block; width: 0px; overflow: hidden; line-height: 0;\" data-mce-type=\"bookmark\" class=\"mce_SELRES_start\">\ufeff<\/span><span style=\"display: inline-block; width: 0px; overflow: hidden; line-height: 0;\" data-mce-type=\"bookmark\" class=\"mce_SELRES_start\">\ufeff<\/span><span style=\"display: inline-block; width: 0px; overflow: hidden; line-height: 0;\" data-mce-type=\"bookmark\" class=\"mce_SELRES_start\">\ufeff<\/span><span style=\"display: inline-block; width: 0px; overflow: hidden; line-height: 0;\" data-mce-type=\"bookmark\" class=\"mce_SELRES_start\">\ufeff<\/span><span style=\"display: inline-block; width: 0px; overflow: hidden; line-height: 0;\" data-mce-type=\"bookmark\" class=\"mce_SELRES_start\">\ufeff<\/span><span style=\"display: inline-block; width: 0px; overflow: hidden; line-height: 0;\" data-mce-type=\"bookmark\" class=\"mce_SELRES_start\">\ufeff<\/span><span style=\"display: inline-block; width: 0px; overflow: hidden; line-height: 0;\" data-mce-type=\"bookmark\" class=\"mce_SELRES_start\">\ufeff<\/span><span style=\"display: inline-block; width: 0px; overflow: hidden; line-height: 0;\" data-mce-type=\"bookmark\" class=\"mce_SELRES_start\">\ufeff<\/span><span style=\"display: inline-block; width: 0px; overflow: hidden; line-height: 0;\" data-mce-type=\"bookmark\" class=\"mce_SELRES_start\">\ufeff<\/span><span style=\"display: inline-block; width: 0px; overflow: hidden; line-height: 0;\" data-mce-type=\"bookmark\" class=\"mce_SELRES_start\">\ufeff<\/span><span style=\"display: inline-block; width: 0px; overflow: hidden; line-height: 0;\" data-mce-type=\"bookmark\" class=\"mce_SELRES_start\">\ufeff<\/span><span style=\"display: inline-block; width: 0px; overflow: hidden; line-height: 0;\" data-mce-type=\"bookmark\" class=\"mce_SELRES_start\">\ufeff<\/span><span style=\"display: inline-block; width: 0px; overflow: hidden; line-height: 0;\" data-mce-type=\"bookmark\" class=\"mce_SELRES_start\">\ufeff<\/span><span style=\"display: inline-block; width: 0px; overflow: hidden; line-height: 0;\" data-mce-type=\"bookmark\" class=\"mce_SELRES_start\">\ufeff<\/span><span style=\"display: inline-block; width: 0px; overflow: hidden; line-height: 0;\" data-mce-type=\"bookmark\" class=\"mce_SELRES_start\">\ufeff<\/span><span style=\"display: inline-block; width: 0px; overflow: hidden; line-height: 0;\" data-mce-type=\"bookmark\" class=\"mce_SELRES_start\">\ufeff<\/span><span style=\"display: inline-block; width: 0px; overflow: hidden; line-height: 0;\" data-mce-type=\"bookmark\" class=\"mce_SELRES_start\">\ufeff<\/span><span style=\"display: inline-block; width: 0px; overflow: hidden; line-height: 0;\" data-mce-type=\"bookmark\" class=\"mce_SELRES_start\">\ufeff<\/span><span style=\"display: inline-block; width: 0px; overflow: hidden; line-height: 0;\" data-mce-type=\"bookmark\" class=\"mce_SELRES_start\"><span style=\"display: inline-block; width: 0px; overflow: hidden; line-height: 0;\" data-mce-type=\"bookmark\" class=\"mce_SELRES_start\">\ufeff<\/span>\ufeff<\/span><\/iframe><\/p>\n","protected":false},"excerpt":{"rendered":"<p><strong>Collocazione: <\/strong>Vetrina 12, quarto ripiano<\/p>\n<p><strong>Localit\u00e0:\u00a0<\/strong>Milseburg, Rhoen (Turingia) Germania<\/p>\n<p><b><span data-contrast=\"auto\">Descrizione macroscopica:<\/span><\/b><span data-ccp-props=\"{}\"> Rocce eruttive effusive di colore grigio chiaro o verdicce, di solito con pasta fina e compattissima, tanto da dare alla percossa, se in lastre sottili, un suono chiaro, quasi metallico. Corrispondono, per la composizione, alle sieniti eleolitiche, di cui rappresentano la forma effusiva sia paleovulcanica sia neovulcanica. Le fonoliti tipiche sono rocce a struttura porfirica, essenzialmente composte di sanidino (o anortose) e nefelina. Se prevale il primo prendono il nome di <i>fonoliti trachitoidi<\/i>, se prevale la seconda il nome di <i>fonoliti nefelinitoidi<\/i>.<br \/>\n<\/span><\/p>\n<p><b><span data-contrast=\"auto\">Descrizione\u00a0<\/span><\/b><b><span data-contrast=\"auto\">microfoto<\/span><\/b><b><span data-contrast=\"auto\">:<\/span><\/b><\/p>\n<p><strong>prima immagine:\u00a0<\/strong>Cristalli di aegirina (verde), calcite e cristalli aciculari di wollastonite, immersi in una pasta di fondo a grana fine costituita da sanidino. Immagine a N\/\/, 2x (lato lungo = 7mm)<\/p>\n<p><strong>seconda immagine:\u00a0<\/strong>Cristalli di aegirina e cristalli aciculari di wollastonite (bassa birifrangenza), immersi in una pasta di fondo a grana fine costituita da sanidino. Immagine a NX, 2x (lato lungo = 7mm)<\/p>\n<p><strong>terza immagine:\u00a0<\/strong>Cristalli di aegirina, granato melanite (isotropo) e cristalli aciculari di wollastonite, immersi in una pasta di fondo a grana fine costituita da sanidino. Immagine a NX, 2x (lato lungo = 7mm)<\/p>\n","protected":false},"featured_media":781,"template":"","meta":{"_lmt_disableupdate":"no","_lmt_disable":"no"},"product_cat":[24],"product_tag":[],"class_list":{"0":"post-782","1":"product","2":"type-product","3":"status-publish","6":"product_cat-magmatiche-effusive","8":"first","9":"outofstock","10":"shipping-taxable","11":"product-type-simple"},"_links":{"self":[{"href":"http:\/\/www.krantz.unipr.it\/index.php\/wp-json\/wp\/v2\/product\/782","targetHints":{"allow":["GET"]}}],"collection":[{"href":"http:\/\/www.krantz.unipr.it\/index.php\/wp-json\/wp\/v2\/product"}],"about":[{"href":"http:\/\/www.krantz.unipr.it\/index.php\/wp-json\/wp\/v2\/types\/product"}],"wp:featuredmedia":[{"embeddable":true,"href":"http:\/\/www.krantz.unipr.it\/index.php\/wp-json\/wp\/v2\/media\/781"}],"wp:attachment":[{"href":"http:\/\/www.krantz.unipr.it\/index.php\/wp-json\/wp\/v2\/media?parent=782"}],"wp:term":[{"taxonomy":"product_cat","embeddable":true,"href":"http:\/\/www.krantz.unipr.it\/index.php\/wp-json\/wp\/v2\/product_cat?post=782"},{"taxonomy":"product_tag","embeddable":true,"href":"http:\/\/www.krantz.unipr.it\/index.php\/wp-json\/wp\/v2\/product_tag?post=782"}],"curies":[{"name":"wp","href":"https:\/\/api.w.org\/{rel}","templated":true}]}}