{"id":731,"date":"2023-02-22T11:00:32","date_gmt":"2023-02-22T10:00:32","guid":{"rendered":"http:\/\/www.krantz.unipr.it\/?post_type=product&#038;p=731"},"modified":"2023-02-22T14:30:48","modified_gmt":"2023-02-22T13:30:48","slug":"337-sienite-a-feldspatoide","status":"publish","type":"product","link":"http:\/\/www.krantz.unipr.it\/index.php\/prodotto\/337-sienite-a-feldspatoide\/","title":{"rendered":"337- Sienite a feldspatoide"},"content":{"rendered":"<p><strong>DESCRIZIONE: <\/strong><\/p>\n<p>Le sieniti si rinvengono talvolta in piccole intrusioni isolate ma pi\u00f9 comunemente come intrusioni &#8220;satellite&#8221; attorno a grandi complessi ignei granitici e anortositici. Il fatto che le intrusioni sienitiche siano relazionate, geneticamente e spazialmente, a grandi intrusioni granitiche ha posto il problema della loro genesi: durante le loro formazione grandi quantit\u00e0 di SiO<sub>2<\/sub> sono rimosse, mentre aumentano sensibilmente la quantit\u00e0 di MgO, Fe, TiO<sub>2<\/sub>, CaO, Na2O e MnO. Questi cambiamenti chimici si suppone possono essere dovuti ad effetti locali, come l\u2019assimilazione di rocce mafiche e\/o carbonatiche unita al rilascio di volatili ricchi in SiO<sub>2<\/sub>. Molte sieniti, tuttavia, sono interpretate come il risultato di processi di cristallizzazione frazionata a partire da liquidi basaltici. Chapman and Williams (1935) hanno dimostrato che la rimozione del 53% di plagioclasio, 10% di olivina, 10% di pirosseno e il 4.5% di ilmenite da un liquido basaltico, genera un liquido residuale monzonitico. La rimozione del 17% di plagioclasio, 16% di pirosseno e il 2% di ilmenite da questo liquido monzonitico, genera un liquido sienitico. Questo processo spiegherebbe la stretta associazione di sieniti e anortositi.<\/p>\n<p>fonte: http:\/\/www.alexstrekeisen.it<\/p>\n<p><strong>VISTA A 360\u00b0<\/strong><\/p>\n<p><iframe loading=\"lazy\" src=\"https:\/\/www.krantz.unipr.it\/360\/337- Sienite a feldspatoide\/337- Sienite a feldspatoide.html\" width=\"1100\" height=\"700\"><span style=\"display: inline-block; width: 0px; overflow: hidden; line-height: 0;\" data-mce-type=\"bookmark\" class=\"mce_SELRES_start\">\ufeff<\/span><span style=\"display: inline-block; width: 0px; overflow: hidden; line-height: 0;\" data-mce-type=\"bookmark\" class=\"mce_SELRES_start\">\ufeff<\/span><span style=\"display: inline-block; width: 0px; overflow: hidden; line-height: 0;\" data-mce-type=\"bookmark\" class=\"mce_SELRES_start\">\ufeff<\/span><span style=\"display: inline-block; width: 0px; overflow: hidden; line-height: 0;\" data-mce-type=\"bookmark\" class=\"mce_SELRES_start\">\ufeff<\/span><span style=\"display: inline-block; width: 0px; overflow: hidden; line-height: 0;\" data-mce-type=\"bookmark\" class=\"mce_SELRES_start\">\ufeff<\/span><span style=\"display: inline-block; width: 0px; overflow: hidden; line-height: 0;\" data-mce-type=\"bookmark\" class=\"mce_SELRES_start\">\ufeff<\/span><span style=\"display: inline-block; width: 0px; overflow: hidden; line-height: 0;\" data-mce-type=\"bookmark\" class=\"mce_SELRES_start\">\ufeff<\/span><span style=\"display: inline-block; width: 0px; overflow: hidden; line-height: 0;\" data-mce-type=\"bookmark\" class=\"mce_SELRES_start\">\ufeff<\/span><span style=\"display: inline-block; width: 0px; overflow: hidden; line-height: 0;\" data-mce-type=\"bookmark\" class=\"mce_SELRES_start\">\ufeff<\/span><span style=\"display: inline-block; width: 0px; overflow: hidden; line-height: 0;\" data-mce-type=\"bookmark\" class=\"mce_SELRES_start\">\ufeff<\/span><span style=\"display: inline-block; width: 0px; overflow: hidden; line-height: 0;\" data-mce-type=\"bookmark\" class=\"mce_SELRES_start\">\ufeff<\/span><span style=\"display: inline-block; width: 0px; overflow: hidden; line-height: 0;\" data-mce-type=\"bookmark\" class=\"mce_SELRES_start\">\ufeff<\/span><span style=\"display: inline-block; width: 0px; overflow: hidden; line-height: 0;\" data-mce-type=\"bookmark\" class=\"mce_SELRES_start\">\ufeff<\/span><span style=\"display: inline-block; width: 0px; overflow: hidden; line-height: 0;\" data-mce-type=\"bookmark\" class=\"mce_SELRES_start\">\ufeff<\/span><span style=\"display: inline-block; width: 0px; overflow: hidden; line-height: 0;\" data-mce-type=\"bookmark\" class=\"mce_SELRES_start\">\ufeff<\/span><span style=\"display: inline-block; width: 0px; overflow: hidden; line-height: 0;\" data-mce-type=\"bookmark\" class=\"mce_SELRES_start\">\ufeff<\/span><span style=\"display: inline-block; width: 0px; overflow: hidden; line-height: 0;\" data-mce-type=\"bookmark\" class=\"mce_SELRES_start\">\ufeff<\/span><span style=\"display: inline-block; width: 0px; overflow: hidden; line-height: 0;\" data-mce-type=\"bookmark\" class=\"mce_SELRES_start\">\ufeff<\/span><span style=\"display: inline-block; width: 0px; overflow: hidden; line-height: 0;\" data-mce-type=\"bookmark\" class=\"mce_SELRES_start\">\ufeff<\/span><span style=\"display: inline-block; width: 0px; overflow: hidden; line-height: 0;\" data-mce-type=\"bookmark\" class=\"mce_SELRES_start\">\ufeff<\/span><span style=\"display: inline-block; width: 0px; overflow: hidden; line-height: 0;\" data-mce-type=\"bookmark\" class=\"mce_SELRES_start\">\ufeff<\/span><span style=\"display: inline-block; width: 0px; overflow: hidden; line-height: 0;\" data-mce-type=\"bookmark\" class=\"mce_SELRES_start\">\ufeff<\/span><span style=\"display: inline-block; width: 0px; overflow: hidden; line-height: 0;\" data-mce-type=\"bookmark\" class=\"mce_SELRES_start\">\ufeff<\/span><span style=\"display: inline-block; width: 0px; overflow: hidden; line-height: 0;\" data-mce-type=\"bookmark\" class=\"mce_SELRES_start\">\ufeff<\/span><span style=\"display: inline-block; width: 0px; overflow: hidden; line-height: 0;\" data-mce-type=\"bookmark\" class=\"mce_SELRES_start\">\ufeff<\/span><span style=\"display: inline-block; width: 0px; overflow: hidden; line-height: 0;\" data-mce-type=\"bookmark\" class=\"mce_SELRES_start\">\ufeff<\/span><span style=\"display: inline-block; width: 0px; overflow: hidden; line-height: 0;\" data-mce-type=\"bookmark\" class=\"mce_SELRES_start\">\ufeff<\/span><span style=\"display: inline-block; width: 0px; overflow: hidden; line-height: 0;\" data-mce-type=\"bookmark\" class=\"mce_SELRES_start\"><span style=\"display: inline-block; width: 0px; overflow: hidden; line-height: 0;\" data-mce-type=\"bookmark\" class=\"mce_SELRES_start\">\ufeff<\/span>\ufeff<\/span><\/iframe><\/p>\n","protected":false},"excerpt":{"rendered":"<p><strong>Collocazione: <\/strong>Vetrina 12, terzo ripiano<\/p>\n<p><strong>Localit\u00e0:\u00a0<\/strong>Ditro, Siebenbuergen (Transilvania) &#8211; Ungheria<\/p>\n<p><b><span data-contrast=\"auto\">Descrizione macroscopica:\u00a0<\/span><\/b>Il termine sienite deriva dal latino &#8220;Lapis Syenitis&#8221; pietra di Syene, localit\u00e0 dell\u2019Egitto nota oggi come Assuan. Le sieniti sono rocce plutoniche a grana medio-grossa costituite in prevalenza da feldspati alcalini (generalmente ortose); il plagioclasio \u00e8 presente in piccole quantit\u00e0 (&gt;10%) mentre il quarzo \u00e8 generalmente assente e se presente non supera mai il 5%. http:\/\/www.alexstrekeisen.it<\/p>\n<p><b><span data-contrast=\"auto\">Descrizione\u00a0<\/span><\/b><b><span data-contrast=\"auto\">microfoto<\/span><\/b><b><span data-contrast=\"auto\">:<br \/>\n<\/span><\/b><\/p>\n<p><strong>prima immagine:\u00a0<\/strong>Cristalli di orneblenda e titanite in una sienite a feldspati alcalini. Immagine a N\/\/, 2x (lato lungo = 7mm)<\/p>\n<p><strong>seconda immagine:\u00a0<\/strong>Cristalli di ortoclasio e orneblenda in una sienite a feldspati alcalini. Immagine a NX, 2x (lato lungo = 7mm)<\/p>\n<p><strong>terza immagine:\u00a0<\/strong>Cristalli di orneblenda e titanite in una sienite a feldspati alcalini. Immagine a NX, 2x (lato lungo = 7mm)<\/p>\n<p>http:\/\/www.alexstrekeisen.it<\/p>\n","protected":false},"featured_media":735,"template":"","meta":{"_lmt_disableupdate":"","_lmt_disable":""},"product_cat":[22],"product_tag":[],"class_list":{"0":"post-731","1":"product","2":"type-product","3":"status-publish","6":"product_cat-magmatiche-intrusive","8":"first","9":"outofstock","10":"shipping-taxable","11":"product-type-simple"},"_links":{"self":[{"href":"http:\/\/www.krantz.unipr.it\/index.php\/wp-json\/wp\/v2\/product\/731","targetHints":{"allow":["GET"]}}],"collection":[{"href":"http:\/\/www.krantz.unipr.it\/index.php\/wp-json\/wp\/v2\/product"}],"about":[{"href":"http:\/\/www.krantz.unipr.it\/index.php\/wp-json\/wp\/v2\/types\/product"}],"wp:featuredmedia":[{"embeddable":true,"href":"http:\/\/www.krantz.unipr.it\/index.php\/wp-json\/wp\/v2\/media\/735"}],"wp:attachment":[{"href":"http:\/\/www.krantz.unipr.it\/index.php\/wp-json\/wp\/v2\/media?parent=731"}],"wp:term":[{"taxonomy":"product_cat","embeddable":true,"href":"http:\/\/www.krantz.unipr.it\/index.php\/wp-json\/wp\/v2\/product_cat?post=731"},{"taxonomy":"product_tag","embeddable":true,"href":"http:\/\/www.krantz.unipr.it\/index.php\/wp-json\/wp\/v2\/product_tag?post=731"}],"curies":[{"name":"wp","href":"https:\/\/api.w.org\/{rel}","templated":true}]}}