{"id":703,"date":"2023-02-16T12:16:33","date_gmt":"2023-02-16T11:16:33","guid":{"rendered":"http:\/\/www.krantz.unipr.it\/?post_type=product&#038;p=703"},"modified":"2023-02-16T12:21:19","modified_gmt":"2023-02-16T11:21:19","slug":"302-pegmatite","status":"publish","type":"product","link":"http:\/\/www.krantz.unipr.it\/index.php\/prodotto\/302-pegmatite\/","title":{"rendered":"302- Pegmatite"},"content":{"rendered":"<p><strong>DESCRIZIONE: <\/strong><\/p>\n<p>Sono rocce &#8220;estreme&#8221; nel senso che presentano una grana molto grossa, spesso con cristalli con dimensioni metriche, e contengono comunemente fasi estremamente rare in altre rocce ignee simili (minerali di Litio, titanio, REE, ecc.). Gran parte delle pegmatiti ha una composizione &#8220;granitica&#8221; (pegmatiti granitiche); tuttavia si possono avere composizioni gabbriche, sienitiche, foiditiche ecc.<br \/>\nLa dimensione dei cristalli presenti nelle pegmatiti (spesso fino ad alcune decine di metri) \u00e8 attribuita generalmente ad un alto tasso di cristallizzazione, associato alla bassa\/bassissima viscosit\u00e0 dei fluidi da cui le pegmatiti cristallizzano, che favorisce una alta mobilit\u00e0 degli ioni. Durante le fasi finali della cristallizzazione magmatica, il fuso generalmente contiene quantit\u00e0 significanti di acqua e fasi volatili come Cl, F, CO<sub>2<\/sub> ecc.<br \/>\nL&#8217;acqua non viene rimossa durante la cristallizzazione magmatica e tende man mano ad accumularsi nel fuso residuale. Talvolta si pu\u00f2 avere anche una sovrabbondanza di acqua e fasi volatili tanto che, si ha la separazione delle fasi acquose dal magma. Queste fasi acquose sono estremamente ricche in ioni disciolti liberi di muoversi con molta facilit\u00e0 rispetto al magma silicatico molto pi\u00f9 viscoso. Questa estrema mobilit\u00e0 degli ioni permette un accrescimento dei cristalli molto veloce. In alcuni casi, come detto precedentemente, tali condizioni possono portare alla cristallizzazione di cristalli enormi come ad esempio nella miniera di Etta nel Sud Dakota (USA) dove venne rinvenuto un cristallo di spodumene lungo 12 m, spesso 2 e pesante 90 tonnellate.<\/p>\n<p><strong>VISTA A 360\u00b0<\/strong><\/p>\n<p><iframe loading=\"lazy\" src=\"https:\/\/www.krantz.unipr.it\/360\/302- Pegmatite\/302- Pegmatite.html\" width=\"1100\" height=\"700\"><span style=\"display: inline-block; width: 0px; overflow: hidden; line-height: 0;\" data-mce-type=\"bookmark\" class=\"mce_SELRES_start\">\ufeff<\/span><span style=\"display: inline-block; width: 0px; overflow: hidden; line-height: 0;\" data-mce-type=\"bookmark\" class=\"mce_SELRES_start\">\ufeff<\/span><span style=\"display: inline-block; width: 0px; overflow: hidden; line-height: 0;\" data-mce-type=\"bookmark\" class=\"mce_SELRES_start\">\ufeff<\/span><span style=\"display: inline-block; width: 0px; overflow: hidden; line-height: 0;\" data-mce-type=\"bookmark\" class=\"mce_SELRES_start\">\ufeff<\/span><span style=\"display: inline-block; width: 0px; overflow: hidden; line-height: 0;\" data-mce-type=\"bookmark\" class=\"mce_SELRES_start\">\ufeff<\/span><span style=\"display: inline-block; width: 0px; overflow: hidden; line-height: 0;\" data-mce-type=\"bookmark\" class=\"mce_SELRES_start\">\ufeff<\/span><span style=\"display: inline-block; width: 0px; overflow: hidden; line-height: 0;\" data-mce-type=\"bookmark\" class=\"mce_SELRES_start\">\ufeff<\/span><span style=\"display: inline-block; width: 0px; overflow: hidden; line-height: 0;\" data-mce-type=\"bookmark\" class=\"mce_SELRES_start\">\ufeff<\/span><span style=\"display: inline-block; width: 0px; overflow: hidden; line-height: 0;\" data-mce-type=\"bookmark\" class=\"mce_SELRES_start\">\ufeff<\/span><span style=\"display: inline-block; width: 0px; overflow: hidden; line-height: 0;\" data-mce-type=\"bookmark\" class=\"mce_SELRES_start\">\ufeff<\/span><span style=\"display: inline-block; width: 0px; overflow: hidden; line-height: 0;\" data-mce-type=\"bookmark\" class=\"mce_SELRES_start\">\ufeff<\/span><span style=\"display: inline-block; width: 0px; overflow: hidden; line-height: 0;\" data-mce-type=\"bookmark\" class=\"mce_SELRES_start\">\ufeff<\/span><span style=\"display: inline-block; width: 0px; overflow: hidden; line-height: 0;\" data-mce-type=\"bookmark\" class=\"mce_SELRES_start\">\ufeff<\/span><span style=\"display: inline-block; width: 0px; overflow: hidden; line-height: 0;\" data-mce-type=\"bookmark\" class=\"mce_SELRES_start\">\ufeff<\/span><span style=\"display: inline-block; width: 0px; overflow: hidden; line-height: 0;\" data-mce-type=\"bookmark\" class=\"mce_SELRES_start\">\ufeff<\/span><span style=\"display: inline-block; width: 0px; overflow: hidden; line-height: 0;\" data-mce-type=\"bookmark\" class=\"mce_SELRES_start\">\ufeff<\/span><span style=\"display: inline-block; width: 0px; overflow: hidden; line-height: 0;\" data-mce-type=\"bookmark\" class=\"mce_SELRES_start\">\ufeff<\/span><span style=\"display: inline-block; width: 0px; overflow: hidden; line-height: 0;\" data-mce-type=\"bookmark\" class=\"mce_SELRES_start\">\ufeff<\/span><span style=\"display: inline-block; width: 0px; overflow: hidden; line-height: 0;\" data-mce-type=\"bookmark\" class=\"mce_SELRES_start\">\ufeff<\/span><span style=\"display: inline-block; width: 0px; overflow: hidden; line-height: 0;\" data-mce-type=\"bookmark\" class=\"mce_SELRES_start\">\ufeff<\/span><span style=\"display: inline-block; width: 0px; overflow: hidden; line-height: 0;\" data-mce-type=\"bookmark\" class=\"mce_SELRES_start\">\ufeff<\/span><span style=\"display: inline-block; width: 0px; overflow: hidden; line-height: 0;\" data-mce-type=\"bookmark\" class=\"mce_SELRES_start\">\ufeff<\/span><span style=\"display: inline-block; width: 0px; overflow: hidden; line-height: 0;\" data-mce-type=\"bookmark\" class=\"mce_SELRES_start\"><span style=\"display: inline-block; width: 0px; overflow: hidden; line-height: 0;\" data-mce-type=\"bookmark\" class=\"mce_SELRES_start\">\ufeff<\/span>\ufeff<\/span><\/iframe><\/p>\n","protected":false},"excerpt":{"rendered":"<p><strong>Collocazione: <\/strong>Vetrina 12, secondo ripiano<\/p>\n<p><strong>Localit\u00e0:\u00a0<\/strong>Birkenau, Odenwald (Baden \/ Baviera) &#8211; Germania<\/p>\n<p><b><span data-contrast=\"auto\">Descrizione macroscopica:\u00a0<\/span><\/b>Le pegmatiti sono rocce ingee olocristalline costituite da cristalli faneritici generalmente con domensioni &gt; 2.5cm. Il termine pegmatite deriva dalla parole greca <i>pegnymi<\/i> che significa &#8220;legare assieme&#8221;, in riferimento alla tessitura interconnessa di quarzo e feldspato presente nei graniti grafici. Le pegmatiti sono rocce ignee &#8220;estreme&#8221; che si formano durante le fasi finali della cristallizzazione magmatica.<\/p>\n<p><b><span data-contrast=\"auto\">Descrizione\u00a0<\/span><\/b><b><span data-contrast=\"auto\">microfoto<\/span><\/b><b><span data-contrast=\"auto\">:<br \/>\n<\/span><\/b><\/p>\n<p><strong>prima immagine:\u00a0<\/strong>Cristalli di quarzo e plagioclasio in una pegmatite granitica. Immagine a NX, 2x (lato lungo = 7mm).<\/p>\n<p><strong>seconda immagine: <\/strong>Cristalli di biotite inclusi un un grosso cristallo di ortose completamente sericitizzato in una pegmatite granitica. Immagine a NX, 2x (lato lungo = 7mm).<\/p>\n<p><strong>terza immagine:\u00a0<\/strong>Cristalli di quarzo e plagioclasio e muscovite in una pegmatite granitica. Immagine a NX, 2x (lato lungo = 7mm).<\/p>\n<p>http:\/\/www.alexstrekeisen.it\/<\/p>\n","protected":false},"featured_media":704,"template":"","meta":{"_lmt_disableupdate":"","_lmt_disable":""},"product_cat":[22],"product_tag":[],"class_list":{"0":"post-703","1":"product","2":"type-product","3":"status-publish","6":"product_cat-magmatiche-intrusive","8":"first","9":"outofstock","10":"shipping-taxable","11":"product-type-simple"},"_links":{"self":[{"href":"http:\/\/www.krantz.unipr.it\/index.php\/wp-json\/wp\/v2\/product\/703","targetHints":{"allow":["GET"]}}],"collection":[{"href":"http:\/\/www.krantz.unipr.it\/index.php\/wp-json\/wp\/v2\/product"}],"about":[{"href":"http:\/\/www.krantz.unipr.it\/index.php\/wp-json\/wp\/v2\/types\/product"}],"wp:featuredmedia":[{"embeddable":true,"href":"http:\/\/www.krantz.unipr.it\/index.php\/wp-json\/wp\/v2\/media\/704"}],"wp:attachment":[{"href":"http:\/\/www.krantz.unipr.it\/index.php\/wp-json\/wp\/v2\/media?parent=703"}],"wp:term":[{"taxonomy":"product_cat","embeddable":true,"href":"http:\/\/www.krantz.unipr.it\/index.php\/wp-json\/wp\/v2\/product_cat?post=703"},{"taxonomy":"product_tag","embeddable":true,"href":"http:\/\/www.krantz.unipr.it\/index.php\/wp-json\/wp\/v2\/product_tag?post=703"}],"curies":[{"name":"wp","href":"https:\/\/api.w.org\/{rel}","templated":true}]}}