{"id":698,"date":"2023-02-16T12:10:29","date_gmt":"2023-02-16T11:10:29","guid":{"rendered":"http:\/\/www.krantz.unipr.it\/?post_type=product&#038;p=698"},"modified":"2023-02-16T12:15:58","modified_gmt":"2023-02-16T11:15:58","slug":"301-granito-grafico","status":"publish","type":"product","link":"http:\/\/www.krantz.unipr.it\/index.php\/prodotto\/301-granito-grafico\/","title":{"rendered":"301- Granito grafico"},"content":{"rendered":"<p><strong>DESCRIZIONE: <\/strong><\/p>\n<p>Rocce con una percentuale di quarzo compresa tra il 20% ed il 60% ma con differente rapporto feldspati alcalini\/plagioclasio vengono dette rocce granitoidi e assumono nomi diversi in base al rapporto feldspati alcalini\/plagioclasio. Rocce con plagioclasio &lt; 10% sono dette graniti a feldspati alcalini, rocce con plagioclasio &gt; 65% sono dette granodioriti, rocce con plagioclasio &gt; 90% sono dette tonaliti. Queste rocce sono definite &#8220;granitoidi&#8221; in quanto spesso, macroscopicamente e sul terreno, sono difficilmente distinguibili dai graniti s.s.<\/p>\n<p>I graniti possono essere suddivisi in base alle caratteristiche chimiche utilizzando il rapporto Al<sub>2<\/sub>O<sub>3<\/sub>\/(Na<sub>2<\/sub>O + K<sub>2<\/sub>O + CaO), detto <b>ASI<\/b> (alumina saturation index), o indice di saturazione in alluminio.<\/p>\n<p><strong>VISTA A 360\u00b0<\/strong><\/p>\n<p><iframe loading=\"lazy\" src=\"https:\/\/www.krantz.unipr.it\/360\/301- Granito grafico\/301- Granito grafico.html\" width=\"1100\" height=\"700\"><span style=\"display: inline-block; width: 0px; overflow: hidden; line-height: 0;\" data-mce-type=\"bookmark\" class=\"mce_SELRES_start\">\ufeff<\/span><span style=\"display: inline-block; width: 0px; overflow: hidden; line-height: 0;\" data-mce-type=\"bookmark\" class=\"mce_SELRES_start\">\ufeff<\/span><span style=\"display: inline-block; width: 0px; overflow: hidden; line-height: 0;\" data-mce-type=\"bookmark\" class=\"mce_SELRES_start\">\ufeff<\/span><span style=\"display: inline-block; width: 0px; overflow: hidden; line-height: 0;\" data-mce-type=\"bookmark\" class=\"mce_SELRES_start\">\ufeff<\/span><span style=\"display: inline-block; width: 0px; overflow: hidden; line-height: 0;\" data-mce-type=\"bookmark\" class=\"mce_SELRES_start\">\ufeff<\/span><span style=\"display: inline-block; width: 0px; overflow: hidden; line-height: 0;\" data-mce-type=\"bookmark\" class=\"mce_SELRES_start\">\ufeff<\/span><span style=\"display: inline-block; width: 0px; overflow: hidden; line-height: 0;\" data-mce-type=\"bookmark\" class=\"mce_SELRES_start\">\ufeff<\/span><span style=\"display: inline-block; width: 0px; overflow: hidden; line-height: 0;\" data-mce-type=\"bookmark\" class=\"mce_SELRES_start\">\ufeff<\/span><span style=\"display: inline-block; width: 0px; overflow: hidden; line-height: 0;\" data-mce-type=\"bookmark\" class=\"mce_SELRES_start\">\ufeff<\/span><span style=\"display: inline-block; width: 0px; overflow: hidden; line-height: 0;\" data-mce-type=\"bookmark\" class=\"mce_SELRES_start\">\ufeff<\/span><span style=\"display: inline-block; width: 0px; overflow: hidden; line-height: 0;\" data-mce-type=\"bookmark\" class=\"mce_SELRES_start\">\ufeff<\/span><span style=\"display: inline-block; width: 0px; overflow: hidden; line-height: 0;\" data-mce-type=\"bookmark\" class=\"mce_SELRES_start\">\ufeff<\/span><span style=\"display: inline-block; width: 0px; overflow: hidden; line-height: 0;\" data-mce-type=\"bookmark\" class=\"mce_SELRES_start\">\ufeff<\/span><span style=\"display: inline-block; width: 0px; overflow: hidden; line-height: 0;\" data-mce-type=\"bookmark\" class=\"mce_SELRES_start\">\ufeff<\/span><span style=\"display: inline-block; width: 0px; overflow: hidden; line-height: 0;\" data-mce-type=\"bookmark\" class=\"mce_SELRES_start\">\ufeff<\/span><span style=\"display: inline-block; width: 0px; overflow: hidden; line-height: 0;\" data-mce-type=\"bookmark\" class=\"mce_SELRES_start\">\ufeff<\/span><span style=\"display: inline-block; width: 0px; overflow: hidden; line-height: 0;\" data-mce-type=\"bookmark\" class=\"mce_SELRES_start\">\ufeff<\/span><span style=\"display: inline-block; width: 0px; overflow: hidden; line-height: 0;\" data-mce-type=\"bookmark\" class=\"mce_SELRES_start\">\ufeff<\/span><span style=\"display: inline-block; width: 0px; overflow: hidden; line-height: 0;\" data-mce-type=\"bookmark\" class=\"mce_SELRES_start\">\ufeff<\/span><span style=\"display: inline-block; width: 0px; overflow: hidden; line-height: 0;\" data-mce-type=\"bookmark\" class=\"mce_SELRES_start\">\ufeff<\/span><span style=\"display: inline-block; width: 0px; overflow: hidden; line-height: 0;\" data-mce-type=\"bookmark\" class=\"mce_SELRES_start\">\ufeff<\/span><span style=\"display: inline-block; width: 0px; overflow: hidden; line-height: 0;\" data-mce-type=\"bookmark\" class=\"mce_SELRES_start\"><span style=\"display: inline-block; width: 0px; overflow: hidden; line-height: 0;\" data-mce-type=\"bookmark\" class=\"mce_SELRES_start\">\ufeff<\/span>\ufeff<\/span><\/iframe><\/p>\n","protected":false},"excerpt":{"rendered":"<p><strong>Collocazione: <\/strong>Vetrina 12, secondo ripiano<\/p>\n<p><strong>Localit\u00e0: <\/strong>Hitteroe &#8211; Norvegia<\/p>\n<p><b><span data-contrast=\"auto\">Descrizione macroscopica:\u00a0<\/span><\/b>La tessitura grafica (o micrografica) si rinviene in rocce a composizione granitica, in pegmatiti, nelle porzioni sommitali di intrusioni felsiche e negli interstizi di alcune rocce basiche. Il caso pi\u00f9 comune e pi\u00f9 noto \u00e8 quello di un cristallo otticamente continuo di feldspato includente porzioni triangolari di quarzo, che ricordano la scrittura cuneiforme (da cui il nome).<\/p>\n<p><b><span data-contrast=\"auto\">Descrizione\u00a0<\/span><\/b><b><span data-contrast=\"auto\">microfoto<\/span><\/b><b><span data-contrast=\"auto\">:<br \/>\n<\/span><\/b><\/p>\n<p><strong>prima immagine:\u00a0<\/strong>Microclino con inclusioni grafiche di quarzo. Immagine NX, 10x (lato lungo = 2mm)<\/p>\n<p><strong>seconda immagine:\u00a0<\/strong>Tessitura grafica in un feldspato alcalino. Immagine NX, 10x (lato lungo = 2mm)<\/p>\n<p><strong>terza immagine:\u00a0<\/strong> Tessitura grafica attorno ad un plagioclasio. Immagine NX, 2x (lato lungo = 7mm)<\/p>\n<p>http:\/\/www.alexstrekeisen.it\/pluto\/grafica.php<\/p>\n","protected":false},"featured_media":699,"template":"","meta":{"_lmt_disableupdate":"","_lmt_disable":""},"product_cat":[22],"product_tag":[],"class_list":{"0":"post-698","1":"product","2":"type-product","3":"status-publish","6":"product_cat-magmatiche-intrusive","8":"first","9":"outofstock","10":"shipping-taxable","11":"product-type-simple"},"_links":{"self":[{"href":"http:\/\/www.krantz.unipr.it\/index.php\/wp-json\/wp\/v2\/product\/698","targetHints":{"allow":["GET"]}}],"collection":[{"href":"http:\/\/www.krantz.unipr.it\/index.php\/wp-json\/wp\/v2\/product"}],"about":[{"href":"http:\/\/www.krantz.unipr.it\/index.php\/wp-json\/wp\/v2\/types\/product"}],"wp:featuredmedia":[{"embeddable":true,"href":"http:\/\/www.krantz.unipr.it\/index.php\/wp-json\/wp\/v2\/media\/699"}],"wp:attachment":[{"href":"http:\/\/www.krantz.unipr.it\/index.php\/wp-json\/wp\/v2\/media?parent=698"}],"wp:term":[{"taxonomy":"product_cat","embeddable":true,"href":"http:\/\/www.krantz.unipr.it\/index.php\/wp-json\/wp\/v2\/product_cat?post=698"},{"taxonomy":"product_tag","embeddable":true,"href":"http:\/\/www.krantz.unipr.it\/index.php\/wp-json\/wp\/v2\/product_tag?post=698"}],"curies":[{"name":"wp","href":"https:\/\/api.w.org\/{rel}","templated":true}]}}