{"id":667,"date":"2023-02-16T09:20:02","date_gmt":"2023-02-16T08:20:02","guid":{"rendered":"http:\/\/www.krantz.unipr.it\/?post_type=product&#038;p=667"},"modified":"2023-02-16T09:25:22","modified_gmt":"2023-02-16T08:25:22","slug":"277-granulite","status":"publish","type":"product","link":"http:\/\/www.krantz.unipr.it\/index.php\/prodotto\/277-granulite\/","title":{"rendered":"277- Granulite"},"content":{"rendered":"<p><strong>DESCRIZIONE:<\/strong><\/p>\n<p>La localit\u00e0 &#8220;tipo&#8221; delle granuliti \u00e8 la Granulitgebirge in Sassonia (Germania). Fu qui che il termine granulite comparve per la prima volta nella letteratura scientifica grazie a Weiss (1803). Tuttavia, il termine granulite fu coniato nel 1785 dal famoso poeta e scrittore Tedesco Johann Wolfgang von Goethe, dal latino &#8220;granulum&#8221; (piccolo granello). In una delle sue molte escursioni Goethe not\u00f2 delle rocce particolari, mai descritte prima, e scrisse: <i>&#8220;Ci sono strane rocce a Bodetal, che non avevo mai notato e che non so se classificare come graniti o come porfidi, e per le quali ho proposto il termine granulite in quanto ricche in granelli di quarzo&#8221;<\/i>.<br \/>\nIl termine granulite \u00e8 un termine che sfortunatamente \u00e8 gravato da forti ambiguit\u00e0 in quanto \u00e8 stato utilizzato in vari paesi, con diversi significati:<br \/>\n<b>(i)<\/b> In Francia fu utilizzato per descrivere rocce granitiche a grana molto fine.<br \/>\n<b>(ii)<\/b> In Scozia e in Inghilterra fu usato per descrivere rocce psammitiche (rocce metamorfiche derivanti da sedimenti arenacei) di alto grado.<br \/>\n<b>(iii)<\/b> Weiss (1803) utilizz\u00f2 il termine per descrivere rocce metamorfiche di alto grado, leucocratiche e con composizione quarzo feldspatica. Classificazione che pi\u00f9 si avvicina al significato moderno del termine granulite.<br \/>\nLe rocce della facies granulitica sono estremamente importanti da un punto di vista scientifico in quanto rappresentano porzioni esumate di crosta continentale profonda. Il loro studio quindi ci pu\u00f2 fornire importanti indizi sui processi che avvengono nelle parti pi\u00f9 profonde della crosta terrestre. Sebbene le rocce granulitiche affiorino in alcuni complessi metamorfici recenti, la maggior parte di queste rocce \u00e8 confinata a terreni di et\u00e0 Precambriana.<\/p>\n<p><strong><br \/>\nVISTA A 360\u00b0<\/strong><\/p>\n<p><iframe loading=\"lazy\" src=\"https:\/\/www.krantz.unipr.it\/360\/277- Granulite\/277- Granulite.html\" width=\"1100\" height=\"700\"><span style=\"display: inline-block; width: 0px; overflow: hidden; line-height: 0;\" data-mce-type=\"bookmark\" class=\"mce_SELRES_start\">\ufeff<\/span><span style=\"display: inline-block; width: 0px; overflow: hidden; line-height: 0;\" data-mce-type=\"bookmark\" class=\"mce_SELRES_start\">\ufeff<\/span><span style=\"display: inline-block; width: 0px; overflow: hidden; line-height: 0;\" data-mce-type=\"bookmark\" class=\"mce_SELRES_start\">\ufeff<\/span><span style=\"display: inline-block; width: 0px; overflow: hidden; line-height: 0;\" data-mce-type=\"bookmark\" class=\"mce_SELRES_start\">\ufeff<\/span><span style=\"display: inline-block; width: 0px; overflow: hidden; line-height: 0;\" data-mce-type=\"bookmark\" class=\"mce_SELRES_start\">\ufeff<\/span><span style=\"display: inline-block; width: 0px; overflow: hidden; line-height: 0;\" data-mce-type=\"bookmark\" class=\"mce_SELRES_start\">\ufeff<\/span><span style=\"display: inline-block; width: 0px; overflow: hidden; line-height: 0;\" data-mce-type=\"bookmark\" class=\"mce_SELRES_start\">\ufeff<\/span><span style=\"display: inline-block; width: 0px; overflow: hidden; line-height: 0;\" data-mce-type=\"bookmark\" class=\"mce_SELRES_start\">\ufeff<\/span><span style=\"display: inline-block; width: 0px; overflow: hidden; line-height: 0;\" data-mce-type=\"bookmark\" class=\"mce_SELRES_start\">\ufeff<\/span><span style=\"display: inline-block; width: 0px; overflow: hidden; line-height: 0;\" data-mce-type=\"bookmark\" class=\"mce_SELRES_start\">\ufeff<\/span><span style=\"display: inline-block; width: 0px; overflow: hidden; line-height: 0;\" data-mce-type=\"bookmark\" class=\"mce_SELRES_start\">\ufeff<\/span><span style=\"display: inline-block; width: 0px; overflow: hidden; line-height: 0;\" data-mce-type=\"bookmark\" class=\"mce_SELRES_start\">\ufeff<\/span><span style=\"display: inline-block; width: 0px; overflow: hidden; line-height: 0;\" data-mce-type=\"bookmark\" class=\"mce_SELRES_start\">\ufeff<\/span><span style=\"display: inline-block; width: 0px; overflow: hidden; line-height: 0;\" data-mce-type=\"bookmark\" class=\"mce_SELRES_start\">\ufeff<\/span><span style=\"display: inline-block; width: 0px; overflow: hidden; line-height: 0;\" data-mce-type=\"bookmark\" class=\"mce_SELRES_start\">\ufeff<\/span><span style=\"display: inline-block; width: 0px; overflow: hidden; line-height: 0;\" data-mce-type=\"bookmark\" class=\"mce_SELRES_start\">\ufeff<\/span><span style=\"display: inline-block; width: 0px; overflow: hidden; line-height: 0;\" data-mce-type=\"bookmark\" class=\"mce_SELRES_start\">\ufeff<\/span><span style=\"display: inline-block; width: 0px; overflow: hidden; line-height: 0;\" data-mce-type=\"bookmark\" class=\"mce_SELRES_start\">\ufeff<\/span><span style=\"display: inline-block; width: 0px; overflow: hidden; line-height: 0;\" data-mce-type=\"bookmark\" class=\"mce_SELRES_start\">\ufeff<\/span><span style=\"display: inline-block; width: 0px; overflow: hidden; line-height: 0;\" data-mce-type=\"bookmark\" class=\"mce_SELRES_start\"><span style=\"display: inline-block; width: 0px; overflow: hidden; line-height: 0;\" data-mce-type=\"bookmark\" class=\"mce_SELRES_start\">\ufeff<\/span>\ufeff<\/span><\/iframe><\/p>\n","protected":false},"excerpt":{"rendered":"<p><strong>Collocazione: <\/strong>Vetrina 12, primo ripiano<\/p>\n<p><strong>Localit\u00e0: <\/strong>Penig (Sassonia) &#8211; Germania<\/p>\n<p><b><span data-contrast=\"auto\">Descrizione macroscopica: <\/span><\/b><b><span data-contrast=\"auto\">r<\/span><\/b>occia metamorfica di alto grado costituita da silicati anidri di Fe-Mg; la presenza di feldspati e l\u2019assenza di muscovite primaria sono indicativi della facies granulitica. Granuliti contenenti &gt;30% di minerali mafici (prevalentemente pirosseno) sono dette granuliti mafiche; granuliti contenenti &lt;30% di minerali mafici sono dette granuliti sialiche (o felsiche). Le granuliti presentano comunemente una struttura gneissica, con bande ricche in feldspati, alternate a bande ricche in minerali mafici. La tessitura \u00e8 tipicamente granoblastica (IUGS Subcommission on the Systematics of Metamorphic Rocks, 2007).<\/p>\n<p><b><span data-contrast=\"auto\">Descrizione\u00a0<\/span><\/b><b><span data-contrast=\"auto\">microfoto<\/span><\/b><b><span data-contrast=\"auto\">:<br \/>\n<\/span><\/b><\/p>\n<p><strong>prima immagine:<\/strong> Cristalli di clinopirosseno (verde), ortopirosseno (rosa) e plagioclasio (incolore). hartmannsdorf (Germania). Immgine a N\/\/, 2x (lato lungo = 7mm)<\/p>\n<p><strong>seconda immagine:\u00a0<\/strong>Cristalli di clinopirosseno (verde), ortopirosseno (rosa) e plagioclasio (incolore). hartmannsdorf (Germania). Immgine a N\/\/, 2x (lato lungo = 7mm)<\/p>\n<p><strong>terza immagine:\u00a0<\/strong>Cristalli di clinopirosseno (verde), ortopirosseno (rosa) e plagioclasio (incolore). hartmannsdorf (Germania). Immgine a N\/\/, 2x (lato lungo = 7mm)<\/p>\n<p>(fonte https:\/\/www.alexstrekeisen.it\/meta\/gneissocchiadino.php)<\/p>\n","protected":false},"featured_media":671,"template":"","meta":{"_lmt_disableupdate":"","_lmt_disable":""},"product_cat":[21],"product_tag":[],"class_list":{"0":"post-667","1":"product","2":"type-product","3":"status-publish","6":"product_cat-metamorfiche","8":"first","9":"outofstock","10":"shipping-taxable","11":"product-type-simple"},"_links":{"self":[{"href":"http:\/\/www.krantz.unipr.it\/index.php\/wp-json\/wp\/v2\/product\/667","targetHints":{"allow":["GET"]}}],"collection":[{"href":"http:\/\/www.krantz.unipr.it\/index.php\/wp-json\/wp\/v2\/product"}],"about":[{"href":"http:\/\/www.krantz.unipr.it\/index.php\/wp-json\/wp\/v2\/types\/product"}],"wp:featuredmedia":[{"embeddable":true,"href":"http:\/\/www.krantz.unipr.it\/index.php\/wp-json\/wp\/v2\/media\/671"}],"wp:attachment":[{"href":"http:\/\/www.krantz.unipr.it\/index.php\/wp-json\/wp\/v2\/media?parent=667"}],"wp:term":[{"taxonomy":"product_cat","embeddable":true,"href":"http:\/\/www.krantz.unipr.it\/index.php\/wp-json\/wp\/v2\/product_cat?post=667"},{"taxonomy":"product_tag","embeddable":true,"href":"http:\/\/www.krantz.unipr.it\/index.php\/wp-json\/wp\/v2\/product_tag?post=667"}],"curies":[{"name":"wp","href":"https:\/\/api.w.org\/{rel}","templated":true}]}}