{"id":571,"date":"2023-02-13T15:33:23","date_gmt":"2023-02-13T14:33:23","guid":{"rendered":"http:\/\/www.krantz.unipr.it\/?post_type=product&#038;p=571"},"modified":"2023-02-13T15:36:57","modified_gmt":"2023-02-13T14:36:57","slug":"447-andesite-augitica","status":"publish","type":"product","link":"http:\/\/www.krantz.unipr.it\/index.php\/prodotto\/447-andesite-augitica\/","title":{"rendered":"447-Andesite augitica"},"content":{"rendered":"<p><strong>DESCRIZIONE:<\/strong><\/p>\n<p>Il Massiccio Centrale Francese \u00e8 una vasta regione della Francia centrale e meridionale con una superficie di 85.000 km<sup>2<\/sup> costituita da un gran numero di vulcani estinti. Circa 60 Ma fa, la catena ercinica del Paleozoico fu fratturata in seguito ai movimenti tettonici associati alla formazione delle Alpi. Le faglie in direzione Nord-Sud provocarono lo sprofondamento della piana di Limagne e del bacino di Olby, successivamente riempiti da sedimenti. Circa 20 Ma fa, ulteriori movimenti tettonici sollevarono la base cristallina del Massiccio centrale, formando cos\u00ec un plateau di domi con un basamento sollevato costituito da scisti, gneiss e graniti; i margini di quest\u2019area sollevata (horst) furono interessati da una serie di faglie secondarie. Il vulcanesimo del Massiccio Centrale si trova quindi in una zona sopraelevata associata ad alcuni graben sedimentari che si sono formati durante l\u2019orogenesi alpina Cenozoica e lo sprofondamento Neogenico del bacino mediterraneo e pannoico. La successione di questi eventi \u00e8 stata innescata dalla collisione tra placca europea e africana e hanno provocato il vulcanesimo presente non solo nella regione dell\u2019Alvernia nel Massiccio Centrale ma anche in Germania (Eifel) e in Boemia, lungo il rift abortito del Rodano-Reno. I fenomeni magmatici sono di tipo continentale, con magmi provenienti dalla fusione parziale della crosta profonda e del mantello superiore (100-150 km di profondit\u00e0). La catena de Puys si trova a Ovest di Clermond-Ferrand in Alvernia, si estende per circa 30 km in direzione Nord-Sud ed \u00e8 formata da un grande numero di edifici ancora intatti e con una variabilit\u00e0 composizionale che va dai basalti alle trachiti. Per quanto sia giovane, l\u2019intera catena ha impiegato circa 70.000 anni per formarsi. Tutti i vulcani della catena si sono formati da una singola eruzione della durata di pochi giorni o mesi. L\u2019attivit\u00e0 vulcanica inizi\u00f2 nella parte occidentale, con una serie di colate di lava basaltiche (basaniti) (5.4-2.1 Ma). Di formazione pi\u00f9 recente \u00e8 la Petite Chaine de Puys, che consiste in un allineamento di strutture basaltiche. Il Puy de Gravenoire, vicino Royat e da cui proviene il campione, e il Banni\u00e8ere, sopra Volvic, furono gli unici due vulcani a eruttare nella principale faglia di Limagne. I coni di cenere sono formati da magmi basici con un alto contenuto di gas disciolti, i quali spinsero il magma verso la superficie. Una volta in superficie, la lava \u00e8 emessa sottoforma di basalti o trachiandesiti; se il gas \u00e8 abbondante, la lava, sottoforma di bombe e ceneri, si consolida costruendo un cono intorno all\u2019imboccatura oppure, se c\u2019\u00e8 poco gas, sfugge come flusso.<\/p>\n<p><strong>VISTA A 360\u00b0<\/strong><\/p>\n<p><iframe loading=\"lazy\" src=\"https:\/\/www.krantz.unipr.it\/360\/447-Andesite augitica\/447-Andesite augitica.html\" width=\"1100\" height=\"700\"><span style=\"display: inline-block; width: 0px; overflow: hidden; line-height: 0;\" data-mce-type=\"bookmark\" class=\"mce_SELRES_start\">\ufeff<\/span><span style=\"display: inline-block; width: 0px; overflow: hidden; line-height: 0;\" data-mce-type=\"bookmark\" class=\"mce_SELRES_start\">\ufeff<\/span><span style=\"display: inline-block; width: 0px; overflow: hidden; line-height: 0;\" data-mce-type=\"bookmark\" class=\"mce_SELRES_start\">\ufeff<\/span><span style=\"display: inline-block; width: 0px; overflow: hidden; line-height: 0;\" data-mce-type=\"bookmark\" class=\"mce_SELRES_start\">\ufeff<\/span><span style=\"display: inline-block; width: 0px; overflow: hidden; line-height: 0;\" data-mce-type=\"bookmark\" class=\"mce_SELRES_start\">\ufeff<\/span><span style=\"display: inline-block; width: 0px; overflow: hidden; line-height: 0;\" data-mce-type=\"bookmark\" class=\"mce_SELRES_start\">\ufeff<\/span><span style=\"display: inline-block; width: 0px; overflow: hidden; line-height: 0;\" data-mce-type=\"bookmark\" class=\"mce_SELRES_start\">\ufeff<\/span><span style=\"display: inline-block; width: 0px; overflow: hidden; line-height: 0;\" data-mce-type=\"bookmark\" class=\"mce_SELRES_start\">\ufeff<\/span><span style=\"display: inline-block; width: 0px; overflow: hidden; line-height: 0;\" data-mce-type=\"bookmark\" class=\"mce_SELRES_start\">\ufeff<\/span><span style=\"display: inline-block; width: 0px; overflow: hidden; line-height: 0;\" data-mce-type=\"bookmark\" class=\"mce_SELRES_start\">\ufeff<\/span><span style=\"display: inline-block; width: 0px; overflow: hidden; line-height: 0;\" data-mce-type=\"bookmark\" class=\"mce_SELRES_start\">\ufeff<\/span><span style=\"display: inline-block; width: 0px; overflow: hidden; line-height: 0;\" data-mce-type=\"bookmark\" class=\"mce_SELRES_start\">\ufeff<\/span><span style=\"display: inline-block; width: 0px; overflow: hidden; line-height: 0;\" data-mce-type=\"bookmark\" class=\"mce_SELRES_start\">\ufeff<\/span><span style=\"display: inline-block; width: 0px; overflow: hidden; line-height: 0;\" data-mce-type=\"bookmark\" class=\"mce_SELRES_start\">\ufeff<\/span><span style=\"display: inline-block; width: 0px; overflow: hidden; line-height: 0;\" data-mce-type=\"bookmark\" class=\"mce_SELRES_start\">\ufeff<\/span><span style=\"display: inline-block; width: 0px; overflow: hidden; line-height: 0;\" data-mce-type=\"bookmark\" class=\"mce_SELRES_start\">\ufeff<\/span><span style=\"display: inline-block; width: 0px; overflow: hidden; line-height: 0;\" data-mce-type=\"bookmark\" class=\"mce_SELRES_start\">\ufeff<\/span><span style=\"display: inline-block; width: 0px; overflow: hidden; line-height: 0;\" data-mce-type=\"bookmark\" class=\"mce_SELRES_start\">\ufeff<\/span><span style=\"display: inline-block; width: 0px; overflow: hidden; line-height: 0;\" data-mce-type=\"bookmark\" class=\"mce_SELRES_start\">\ufeff<\/span><span style=\"display: inline-block; width: 0px; overflow: hidden; line-height: 0;\" data-mce-type=\"bookmark\" class=\"mce_SELRES_start\">\ufeff<\/span><span style=\"display: inline-block; width: 0px; overflow: hidden; line-height: 0;\" data-mce-type=\"bookmark\" class=\"mce_SELRES_start\">\ufeff<\/span><span style=\"display: inline-block; width: 0px; overflow: hidden; line-height: 0;\" data-mce-type=\"bookmark\" class=\"mce_SELRES_start\">\ufeff<\/span><span style=\"display: inline-block; width: 0px; overflow: hidden; line-height: 0;\" data-mce-type=\"bookmark\" class=\"mce_SELRES_start\">\ufeff<\/span><span style=\"display: inline-block; width: 0px; overflow: hidden; line-height: 0;\" data-mce-type=\"bookmark\" class=\"mce_SELRES_start\">\ufeff<\/span><span style=\"display: inline-block; width: 0px; overflow: hidden; line-height: 0;\" data-mce-type=\"bookmark\" class=\"mce_SELRES_start\">\ufeff<\/span><span style=\"display: inline-block; width: 0px; overflow: hidden; line-height: 0;\" data-mce-type=\"bookmark\" class=\"mce_SELRES_start\">\ufeff<\/span><span style=\"display: inline-block; width: 0px; overflow: hidden; line-height: 0;\" data-mce-type=\"bookmark\" class=\"mce_SELRES_start\">\ufeff<\/span><span style=\"display: inline-block; width: 0px; overflow: hidden; line-height: 0;\" data-mce-type=\"bookmark\" class=\"mce_SELRES_start\">\ufeff<\/span><span style=\"display: inline-block; width: 0px; overflow: hidden; line-height: 0;\" data-mce-type=\"bookmark\" class=\"mce_SELRES_start\">\ufeff<\/span><span style=\"display: inline-block; width: 0px; overflow: hidden; line-height: 0;\" data-mce-type=\"bookmark\" class=\"mce_SELRES_start\"><span style=\"display: inline-block; width: 0px; overflow: hidden; line-height: 0;\" data-mce-type=\"bookmark\" class=\"mce_SELRES_start\">\ufeff<\/span>\ufeff<\/span><\/iframe><\/p>\n","protected":false},"excerpt":{"rendered":"<p><strong>Collocazione: <\/strong>Vetrina 12, quinto ripiano<\/p>\n<p><strong>Localit\u00e0:\u00a0<\/strong>Royat (Alvernia, Massiccio Centrale) &#8211; Francia<\/p>\n<p><b><span data-contrast=\"auto\">Descrizione macroscopica:\u00a0<\/span><\/b>La roccia ha colore grigio e struttura porfirica. Sono ben visibili fenocristalli di <strong><em>pirosseno<\/em><\/strong> e <strong><em>plagioclasio<\/em><\/strong><\/p>\n<p><b><span data-contrast=\"auto\">Descrizione\u00a0<\/span><\/b><b><span data-contrast=\"auto\">microfoto<\/span><\/b><b><span data-contrast=\"auto\">:<br \/>\n<\/span><\/b><\/p>\n<p><strong>prima immagine: <\/strong><strong><em>Plagioclasio<\/em><\/strong> in fenocristalli e abbondanti microcristalli nella pasta di fondo<\/p>\n<p><strong>seconda immagine: <\/strong>Fenocristalli di <strong><em>Pirosseno<\/em><\/strong><\/p>\n<p><strong>terza immagine:\u00a0\u00a0<\/strong>Rari fenocristalli di <strong><em>Olivina<\/em><\/strong><\/p>\n<p>Sezioni sottili e descrizione gentilmente concessi dalla Prof.ssa Emma Salvioli<\/p>\n","protected":false},"featured_media":575,"template":"","meta":{"_lmt_disableupdate":"","_lmt_disable":""},"product_cat":[24],"product_tag":[],"class_list":{"0":"post-571","1":"product","2":"type-product","3":"status-publish","6":"product_cat-magmatiche-effusive","8":"first","9":"outofstock","10":"shipping-taxable","11":"product-type-simple"},"_links":{"self":[{"href":"http:\/\/www.krantz.unipr.it\/index.php\/wp-json\/wp\/v2\/product\/571","targetHints":{"allow":["GET"]}}],"collection":[{"href":"http:\/\/www.krantz.unipr.it\/index.php\/wp-json\/wp\/v2\/product"}],"about":[{"href":"http:\/\/www.krantz.unipr.it\/index.php\/wp-json\/wp\/v2\/types\/product"}],"wp:featuredmedia":[{"embeddable":true,"href":"http:\/\/www.krantz.unipr.it\/index.php\/wp-json\/wp\/v2\/media\/575"}],"wp:attachment":[{"href":"http:\/\/www.krantz.unipr.it\/index.php\/wp-json\/wp\/v2\/media?parent=571"}],"wp:term":[{"taxonomy":"product_cat","embeddable":true,"href":"http:\/\/www.krantz.unipr.it\/index.php\/wp-json\/wp\/v2\/product_cat?post=571"},{"taxonomy":"product_tag","embeddable":true,"href":"http:\/\/www.krantz.unipr.it\/index.php\/wp-json\/wp\/v2\/product_tag?post=571"}],"curies":[{"name":"wp","href":"https:\/\/api.w.org\/{rel}","templated":true}]}}