{"id":538,"date":"2023-02-13T13:13:38","date_gmt":"2023-02-13T12:13:38","guid":{"rendered":"http:\/\/www.krantz.unipr.it\/?post_type=product&#038;p=538"},"modified":"2023-02-13T13:19:26","modified_gmt":"2023-02-13T12:19:26","slug":"371-trachite","status":"publish","type":"product","link":"http:\/\/www.krantz.unipr.it\/index.php\/prodotto\/371-trachite\/","title":{"rendered":"371-Trachite"},"content":{"rendered":"<p><strong>DESCRIZIONE:<\/strong><\/p>\n<p>Il Massiccio Centrale Francese \u00e8 una vasta regione della Francia centrale e meridionale con una superficie di 85.000 km<sup>2<\/sup> costituita da un gran numero di vulcani estinti. Circa 60 Ma fa, la catena ercinica del Paleozoico fu fratturata in seguito ai movimenti tettonici associati alla formazione delle Alpi. Le faglie in direzione Nord-Sud provocarono lo sprofondamento della piana di Limagne e del bacino di Olby, successivamente riempiti da sedimenti. Circa 20 Ma fa, ulteriori movimenti tettonici sollevarono la base cristallina del Massiccio centrale, formando cos\u00ec un plateau di domi con un basamento sollevato costituito da scisti, gneiss e graniti; i margini di quest\u2019area sollevata (horst) furono interessati da una serie di faglie secondarie. Il vulcanesimo del Massiccio Centrale si trova quindi in una zona sopraelevata associata ad alcuni graben sedimentari che si sono formati durante l\u2019orogenesi alpina Cenozoica e lo sprofondamento Neogenico del bacino mediterraneo e pannoico. La successione di questi eventi \u00e8 stata innescata dalla collisione tra placca europea e africana e hanno provocato il vulcanesimo presente non solo nella regione dell\u2019Alvernia nel Massiccio Centrale ma anche in Germania (Eifel) e in Boemia, lungo il rift abortito del Rodano-Reno. I fenomeni magmatici sono di tipo continentale, con magmi provenienti dalla fusione parziale della crosta profonda e del mantello superiore (100-150 km di profondit\u00e0). Il Mont Dor\u00e8-Puy de Sancy ha una storia molto lunga. Il Massiccio del Mont Dor\u00e8 ha la forma di un ampio cono, la parte centrale non presenta un cratere ma possiede, al contrario, varie peculiarit\u00e0 topografiche, di cui il Puy de Sancy (1886 m) rappresenta il punto pi\u00f9 alto. Il Mont Dor\u00e8 copre un\u2019area di circa 600 km<sup>2<\/sup>, anche se alcuni flussi di lava si estendono fino alla Limagne ed \u00e8 considerato uno stratovulcano per la complessit\u00e0 della forma del massiccio dovuta a una serie di eventi durati 4 milioni di anni. Le prime manifestazioni vulcaniche (20 Ma fa) sono costituite da piccole eruzioni basaltiche, seguite da pi\u00f9 consistenti flussi di lava e da un vulcanesimo con Trachiti, Rioliti e Fonoliti. L\u2019inizio del vulcanesimo propriamente montdoriano inizi\u00f2 con eruzioni freatomagmatiche, poi si form\u00f2 lo strato-vulcano (4 Ma fa) con pomici trachitiche, seguito da attivit\u00e0 fessurali (2.5 Ma) con pomici riolitiche, flussi piroclastici di cenere, pomici e piccoli blocchi.\u00a0 Queste eruzioni furono accompagnate da una serie di nubi ardenti (materiale con un volume di alcuni km<sup>3<\/sup> ed estensione su un\u2019area di circa 100 km<sup>2<\/sup>). Segu\u00ec il collasso del tetto della camera magmatica con formazione di una grande caldera. L\u2019attivit\u00e0 post caldera si manifest\u00f2 con eruzioni ricche in silice intorno al bordo del cratere gigante che continu\u00f2 fino a circa 1.6 Ma fa. Dopo tutti questi eventi, il Mont Dor\u00e8 rimase calmo per qualche milione di anni, prima di entrare in un secondo periodo di attivit\u00e0, 10 km pi\u00f9 a sud con la formazione dello stratovulcano di Sancy.<\/p>\n<p><strong>VISTA A 360\u00b0<\/strong><\/p>\n<p><iframe loading=\"lazy\" src=\"https:\/\/www.krantz.unipr.it\/360\/371-Trachite\/371-Trachite.html\" width=\"1100\" height=\"700\"><span style=\"display: inline-block; width: 0px; overflow: hidden; line-height: 0;\" data-mce-type=\"bookmark\" class=\"mce_SELRES_start\">\ufeff<\/span><span style=\"display: inline-block; width: 0px; overflow: hidden; line-height: 0;\" data-mce-type=\"bookmark\" class=\"mce_SELRES_start\">\ufeff<\/span><span style=\"display: inline-block; width: 0px; overflow: hidden; line-height: 0;\" data-mce-type=\"bookmark\" class=\"mce_SELRES_start\">\ufeff<\/span><span style=\"display: inline-block; width: 0px; overflow: hidden; line-height: 0;\" data-mce-type=\"bookmark\" class=\"mce_SELRES_start\">\ufeff<\/span><span style=\"display: inline-block; width: 0px; overflow: hidden; line-height: 0;\" data-mce-type=\"bookmark\" class=\"mce_SELRES_start\">\ufeff<\/span><span style=\"display: inline-block; width: 0px; overflow: hidden; line-height: 0;\" data-mce-type=\"bookmark\" class=\"mce_SELRES_start\">\ufeff<\/span><span style=\"display: inline-block; width: 0px; overflow: hidden; line-height: 0;\" data-mce-type=\"bookmark\" class=\"mce_SELRES_start\">\ufeff<\/span><span style=\"display: inline-block; width: 0px; overflow: hidden; line-height: 0;\" data-mce-type=\"bookmark\" class=\"mce_SELRES_start\">\ufeff<\/span><span style=\"display: inline-block; width: 0px; overflow: hidden; line-height: 0;\" data-mce-type=\"bookmark\" class=\"mce_SELRES_start\">\ufeff<\/span><span style=\"display: inline-block; width: 0px; overflow: hidden; line-height: 0;\" data-mce-type=\"bookmark\" class=\"mce_SELRES_start\">\ufeff<\/span><span style=\"display: inline-block; width: 0px; overflow: hidden; line-height: 0;\" data-mce-type=\"bookmark\" class=\"mce_SELRES_start\">\ufeff<\/span><span style=\"display: inline-block; width: 0px; overflow: hidden; line-height: 0;\" data-mce-type=\"bookmark\" class=\"mce_SELRES_start\">\ufeff<\/span><span style=\"display: inline-block; width: 0px; overflow: hidden; line-height: 0;\" data-mce-type=\"bookmark\" class=\"mce_SELRES_start\">\ufeff<\/span><span style=\"display: inline-block; width: 0px; overflow: hidden; line-height: 0;\" data-mce-type=\"bookmark\" class=\"mce_SELRES_start\">\ufeff<\/span><span style=\"display: inline-block; width: 0px; overflow: hidden; line-height: 0;\" data-mce-type=\"bookmark\" class=\"mce_SELRES_start\">\ufeff<\/span><span style=\"display: inline-block; width: 0px; overflow: hidden; line-height: 0;\" data-mce-type=\"bookmark\" class=\"mce_SELRES_start\">\ufeff<\/span><span style=\"display: inline-block; width: 0px; overflow: hidden; line-height: 0;\" data-mce-type=\"bookmark\" class=\"mce_SELRES_start\">\ufeff<\/span><span style=\"display: inline-block; width: 0px; overflow: hidden; line-height: 0;\" data-mce-type=\"bookmark\" class=\"mce_SELRES_start\">\ufeff<\/span><span style=\"display: inline-block; width: 0px; overflow: hidden; line-height: 0;\" data-mce-type=\"bookmark\" class=\"mce_SELRES_start\">\ufeff<\/span><span style=\"display: inline-block; width: 0px; overflow: hidden; line-height: 0;\" data-mce-type=\"bookmark\" class=\"mce_SELRES_start\">\ufeff<\/span><span style=\"display: inline-block; width: 0px; overflow: hidden; line-height: 0;\" data-mce-type=\"bookmark\" class=\"mce_SELRES_start\">\ufeff<\/span><span style=\"display: inline-block; width: 0px; overflow: hidden; line-height: 0;\" data-mce-type=\"bookmark\" class=\"mce_SELRES_start\">\ufeff<\/span><span style=\"display: inline-block; width: 0px; overflow: hidden; line-height: 0;\" data-mce-type=\"bookmark\" class=\"mce_SELRES_start\">\ufeff<\/span><span style=\"display: inline-block; width: 0px; overflow: hidden; line-height: 0;\" data-mce-type=\"bookmark\" class=\"mce_SELRES_start\">\ufeff<\/span><span style=\"display: inline-block; width: 0px; overflow: hidden; line-height: 0;\" data-mce-type=\"bookmark\" class=\"mce_SELRES_start\"><span style=\"display: inline-block; width: 0px; overflow: hidden; line-height: 0;\" data-mce-type=\"bookmark\" class=\"mce_SELRES_start\">\ufeff<\/span>\ufeff<\/span><\/iframe><\/p>\n","protected":false},"excerpt":{"rendered":"<p><strong>Collocazione: <\/strong>Vetrina 12, terzo ripiano<\/p>\n<p><strong>Localit\u00e0:\u00a0<\/strong>Mont Dor\u00e8 (Alvernia, Massiccio Centrale) &#8211; Francia<strong><br \/>\n<\/strong><\/p>\n<p><b><span data-contrast=\"auto\">Descrizione macroscopica: <\/span><\/b>La roccia ha colore grigio chiaro e struttura porfirica. Abbondanti sono i fenocristalli di <em>sanidino<\/em> e <em>plagioclasio<\/em>, rari e piccoli i fenocristalli di <em>pirosseno<\/em><\/p>\n<p><b><span data-contrast=\"auto\">Descrizione\u00a0<\/span><\/b><b><span data-contrast=\"auto\">microfoto<\/span><\/b><b><span data-contrast=\"auto\">:<br \/>\n<\/span><\/b><\/p>\n<p><strong>prima immagine:\u00a0 <\/strong>Fenocristalli di <strong><em>Plagioclasio<\/em><\/strong><\/p>\n<p><strong>seconda immagine:\u00a0<\/strong>Fenocristalli di <strong><em>Sanidino<\/em><\/strong><\/p>\n<p><strong>terza immagine:\u00a0<\/strong>Fenocristalli di <strong><em>Pirosseno<\/em><\/strong><\/p>\n<p>Sezioni sottili e descrizione gentilmente concessi dalla Prof.ssa Emma Salvioli<\/p>\n","protected":false},"featured_media":542,"template":"","meta":{"_lmt_disableupdate":"","_lmt_disable":""},"product_cat":[24],"product_tag":[],"class_list":{"0":"post-538","1":"product","2":"type-product","3":"status-publish","6":"product_cat-magmatiche-effusive","8":"first","9":"outofstock","10":"shipping-taxable","11":"product-type-simple"},"_links":{"self":[{"href":"http:\/\/www.krantz.unipr.it\/index.php\/wp-json\/wp\/v2\/product\/538","targetHints":{"allow":["GET"]}}],"collection":[{"href":"http:\/\/www.krantz.unipr.it\/index.php\/wp-json\/wp\/v2\/product"}],"about":[{"href":"http:\/\/www.krantz.unipr.it\/index.php\/wp-json\/wp\/v2\/types\/product"}],"wp:featuredmedia":[{"embeddable":true,"href":"http:\/\/www.krantz.unipr.it\/index.php\/wp-json\/wp\/v2\/media\/542"}],"wp:attachment":[{"href":"http:\/\/www.krantz.unipr.it\/index.php\/wp-json\/wp\/v2\/media?parent=538"}],"wp:term":[{"taxonomy":"product_cat","embeddable":true,"href":"http:\/\/www.krantz.unipr.it\/index.php\/wp-json\/wp\/v2\/product_cat?post=538"},{"taxonomy":"product_tag","embeddable":true,"href":"http:\/\/www.krantz.unipr.it\/index.php\/wp-json\/wp\/v2\/product_tag?post=538"}],"curies":[{"name":"wp","href":"https:\/\/api.w.org\/{rel}","templated":true}]}}