{"id":515,"date":"2023-02-08T10:49:25","date_gmt":"2023-02-08T09:49:25","guid":{"rendered":"http:\/\/www.krantz.unipr.it\/?post_type=product&#038;p=515"},"modified":"2023-02-08T11:09:23","modified_gmt":"2023-02-08T10:09:23","slug":"347-sienite-alcalina-a-foide-micacea","status":"publish","type":"product","link":"http:\/\/www.krantz.unipr.it\/index.php\/prodotto\/347-sienite-alcalina-a-foide-micacea\/","title":{"rendered":"347-Sienite alcalina a foide micacea"},"content":{"rendered":"<p><strong>DESCRIZIONE:<\/strong><\/p>\n<p>Il Complesso Alcalino Intrusivo del Monchique si trova nel Portogallo Sud-Occidentale. Esso separa le regioni dell\u2019Algarve e dell\u2019Alentejo, e rappresenta uno dei maggiori corpi di Sienite metalluminosa al mondo. Essa \u00e8 la localit\u00e0 tipo di Monchiquiti e Foyaiti (Rock, 1978); in particolare le Foyaiti sono la variet\u00e0 di Sienite nefelinica pi\u00f9 abbondante. La superficie affiorante \u00e8 di circa 80 km<sup>2<\/sup> e, assieme ai due complessi alcalini situati pi\u00f9 a Nord lungo la costa\u00a0 e al complesso vulcanico di Lisbona, fa parte della Provincia Ignea Alcalina Iberica. Si tratta di una intrusione magmatica di tipo alcalino messa in posto circa 72\u00b12 Ma (tardo Cretacico. I tre complessi alcalini mesozoici del Portogallo si incontrano approssimativamente allineandosi lungo quella che fu ipotizzata essere una grande struttura deformativa a scala corticale, che avrebbe facilitato la risalita del mantello superiore fino ai livelli superiori della crosta. Il Complesso Alcalino del Monchique ha origine mantellica, ma il meccanismo di risalita \u00e8 ancora ignoto. La struttura dell\u2019intrusione ha forma grossolanamente ellittica con asse maggiore orientato WSW-ENE. Fino agli anni 70-80 il massiccio era considerato come un corpo omogeneo di sienite nefelinica, senza evidenti strutture interne. Recenti studi hanno evidenziato una struttura concentrica e zonata, con l\u2019unit\u00e0 centrale spostata verso il bordo meridionale. Il Complesso si divide in diverse unit\u00e0 ma la principale differenziazione risiede nelle Sieniti.<\/p>\n<p><strong>VISTA A 360\u00b0<\/strong><\/p>\n<p><iframe loading=\"lazy\" src=\"https:\/\/www.krantz.unipr.it\/360\/347-Sienite alcalina a foide micacea\/347-Sienite alcalina a foide micacea.html\" width=\"1100\" height=\"700\"><span style=\"display: inline-block; width: 0px; overflow: hidden; line-height: 0;\" data-mce-type=\"bookmark\" class=\"mce_SELRES_start\">\ufeff<\/span><span style=\"display: inline-block; width: 0px; overflow: hidden; line-height: 0;\" data-mce-type=\"bookmark\" class=\"mce_SELRES_start\">\ufeff<\/span><span style=\"display: inline-block; width: 0px; overflow: hidden; line-height: 0;\" data-mce-type=\"bookmark\" class=\"mce_SELRES_start\">\ufeff<\/span><span style=\"display: inline-block; width: 0px; overflow: hidden; line-height: 0;\" data-mce-type=\"bookmark\" class=\"mce_SELRES_start\">\ufeff<\/span><span style=\"display: inline-block; width: 0px; overflow: hidden; line-height: 0;\" data-mce-type=\"bookmark\" class=\"mce_SELRES_start\">\ufeff<\/span><span style=\"display: inline-block; width: 0px; overflow: hidden; line-height: 0;\" data-mce-type=\"bookmark\" class=\"mce_SELRES_start\">\ufeff<\/span><span style=\"display: inline-block; width: 0px; overflow: hidden; line-height: 0;\" data-mce-type=\"bookmark\" class=\"mce_SELRES_start\">\ufeff<\/span><span style=\"display: inline-block; width: 0px; overflow: hidden; line-height: 0;\" data-mce-type=\"bookmark\" class=\"mce_SELRES_start\">\ufeff<\/span><span style=\"display: inline-block; width: 0px; overflow: hidden; line-height: 0;\" data-mce-type=\"bookmark\" class=\"mce_SELRES_start\">\ufeff<\/span><span style=\"display: inline-block; width: 0px; overflow: hidden; line-height: 0;\" data-mce-type=\"bookmark\" class=\"mce_SELRES_start\">\ufeff<\/span><span style=\"display: inline-block; width: 0px; overflow: hidden; line-height: 0;\" data-mce-type=\"bookmark\" class=\"mce_SELRES_start\">\ufeff<\/span><span style=\"display: inline-block; width: 0px; overflow: hidden; line-height: 0;\" data-mce-type=\"bookmark\" class=\"mce_SELRES_start\">\ufeff<\/span><span style=\"display: inline-block; width: 0px; overflow: hidden; line-height: 0;\" data-mce-type=\"bookmark\" class=\"mce_SELRES_start\">\ufeff<\/span><span style=\"display: inline-block; width: 0px; overflow: hidden; line-height: 0;\" data-mce-type=\"bookmark\" class=\"mce_SELRES_start\">\ufeff<\/span><span style=\"display: inline-block; width: 0px; overflow: hidden; line-height: 0;\" data-mce-type=\"bookmark\" class=\"mce_SELRES_start\">\ufeff<\/span><span style=\"display: inline-block; width: 0px; overflow: hidden; line-height: 0;\" data-mce-type=\"bookmark\" class=\"mce_SELRES_start\">\ufeff<\/span><span style=\"display: inline-block; width: 0px; overflow: hidden; line-height: 0;\" data-mce-type=\"bookmark\" class=\"mce_SELRES_start\">\ufeff<\/span><span style=\"display: inline-block; width: 0px; overflow: hidden; line-height: 0;\" data-mce-type=\"bookmark\" class=\"mce_SELRES_start\">\ufeff<\/span><span style=\"display: inline-block; width: 0px; overflow: hidden; line-height: 0;\" data-mce-type=\"bookmark\" class=\"mce_SELRES_start\">\ufeff<\/span><span style=\"display: inline-block; width: 0px; overflow: hidden; line-height: 0;\" data-mce-type=\"bookmark\" class=\"mce_SELRES_start\">\ufeff<\/span><span style=\"display: inline-block; width: 0px; overflow: hidden; line-height: 0;\" data-mce-type=\"bookmark\" class=\"mce_SELRES_start\"><span style=\"display: inline-block; width: 0px; overflow: hidden; line-height: 0;\" data-mce-type=\"bookmark\" class=\"mce_SELRES_start\">\ufeff<\/span>\ufeff<\/span><\/iframe><\/p>\n","protected":false},"excerpt":{"rendered":"<p><strong>Collocazione: <\/strong>Vetrina 12, terzo ripiano<\/p>\n<p><strong>Localit\u00e0: Prac<\/strong>ha, Serra de Monchique (Algarve) &#8211; Portogallo<\/p>\n<p><b><span data-contrast=\"auto\">Descrizione macroscopica: <\/span><\/b>Il campione ha colore grigio chiaro con alcune porzioni grigio scure e cristalli neri allungati e tondeggianti o esagonali. Le parti chiare sono <em>feldspati alcalini<\/em>, i fenocristalli con lucentezza metallica sono <em>biotite<\/em> mentre cristalli neri prismatici e allungati sono <em>anfiboli<\/em><b><span data-contrast=\"auto\"><br \/>\n<\/span><\/b><\/p>\n<p><b><span data-contrast=\"auto\">Descrizione\u00a0<\/span><\/b><b><span data-contrast=\"auto\">microfoto<\/span><\/b><b><span data-contrast=\"auto\">:<br \/>\n<\/span><\/b><\/p>\n<p><strong>prima immagine:\u00a0 <\/strong><em>Ortoclasio<\/em> geminato<\/p>\n<p><strong>seconda immagine: <\/strong><strong><em>Pirosseno<\/em><\/strong> con abito prismatico, variet\u00e0 <strong><em>Augite<\/em><\/strong>, con <strong><em>Biotite<\/em><\/strong> ed <strong><em>Epidoti<\/em><\/strong> sul bordo; cristallo di <strong><em>Titanite<\/em><\/strong> (marroncina) a contatto con il pirosseno<\/p>\n<p><strong>terza immagine: <\/strong><strong><em>Anfibolo<\/em><\/strong>, variet\u00e0 <strong><em>Kaersutite potassica<\/em><\/strong><\/p>\n<p>Sezioni sottili e descrizione gentilmente concessi dalla Prof.ssa Emma Salvioli<\/p>\n","protected":false},"featured_media":519,"template":"","meta":{"_lmt_disableupdate":"","_lmt_disable":""},"product_cat":[22],"product_tag":[],"class_list":{"0":"post-515","1":"product","2":"type-product","3":"status-publish","6":"product_cat-magmatiche-intrusive","8":"first","9":"outofstock","10":"shipping-taxable","11":"product-type-simple"},"_links":{"self":[{"href":"http:\/\/www.krantz.unipr.it\/index.php\/wp-json\/wp\/v2\/product\/515","targetHints":{"allow":["GET"]}}],"collection":[{"href":"http:\/\/www.krantz.unipr.it\/index.php\/wp-json\/wp\/v2\/product"}],"about":[{"href":"http:\/\/www.krantz.unipr.it\/index.php\/wp-json\/wp\/v2\/types\/product"}],"wp:featuredmedia":[{"embeddable":true,"href":"http:\/\/www.krantz.unipr.it\/index.php\/wp-json\/wp\/v2\/media\/519"}],"wp:attachment":[{"href":"http:\/\/www.krantz.unipr.it\/index.php\/wp-json\/wp\/v2\/media?parent=515"}],"wp:term":[{"taxonomy":"product_cat","embeddable":true,"href":"http:\/\/www.krantz.unipr.it\/index.php\/wp-json\/wp\/v2\/product_cat?post=515"},{"taxonomy":"product_tag","embeddable":true,"href":"http:\/\/www.krantz.unipr.it\/index.php\/wp-json\/wp\/v2\/product_tag?post=515"}],"curies":[{"name":"wp","href":"https:\/\/api.w.org\/{rel}","templated":true}]}}