{"id":487,"date":"2023-02-06T13:06:50","date_gmt":"2023-02-06T12:06:50","guid":{"rendered":"http:\/\/www.krantz.unipr.it\/?post_type=product&#038;p=487"},"modified":"2023-02-06T13:13:53","modified_gmt":"2023-02-06T12:13:53","slug":"286-scisto-a-gastaldite","status":"publish","type":"product","link":"http:\/\/www.krantz.unipr.it\/index.php\/prodotto\/286-scisto-a-gastaldite\/","title":{"rendered":"286-Scisto a gastaldite (Glaucofane)"},"content":{"rendered":"<p><strong>VISTA A 360\u00b0<\/strong><\/p>\n<p>Il campione proviene dal Piemonte nord-occidentale e appartiene a una unit\u00e0 denominata &#8220;unit\u00e0 polimetamorfica&#8221; della Val di Susa, pi\u00f9 precisamente la falda Dora-Maira (D-M), che a sua volta fa parte dell\u2019Unit\u00e0 Pennidica. Tale falda \u00e8 l&#8217;elemento tettonico inferiore della Val di Susa ed \u00e8 sormontato da una sequenza mesozoica di carbonati metasedimentari e dalle metaofioliti del Piemonte. L\u2019associazione cristallina della falda D-M \u00e8 caratterizzata da micascisti contenenti granato-cloritoide-fengite, gneiss a grana fine, diffusi gneiss contenenti K-feldspato e fengite, e subordinatamente metabasiti e marmi impuri. Secondo alcuni autori (Vialon, 1996) questa successione rappresenta una serie vulcano-sedimentaria del tardo Paleozoico, mentre altri autori (Bortolani e Dal Piaz, 1970) la considerano derivate da un basamento pre-Westfaliano intruso da granotoidi ercinici. Questo campione rappresenta una originaria eclogite che ha subito diverse fasi di retrometamorfismo. L\u2019omfacite \u00e8 sostituita interamente o parzialmente da glaucofane, che a sua volta localmente si sta trasformando in actinolite. Anche la clinozoisite sembra formarsi a spese di omfacite. Infine si forma clorite a spese di granato, omfacite, glaucofane. Si pu\u00f2 quindi ipotizzare che l\u2019originaria eclogite, formatasi per metamorfismo di alta pressione di rocce basiche (T 500\u00b0C e P 9-13 kbar), subisca un retrometamorfismo in faceis scisti blu, con diminuzione di temperatura e solo parzialmente di pressione. Una successiva e pi\u00f9 pronunciata diminuzione di temperatura porta alla formazione di actinolite, clinozoisite e clorite.Il retrometamorfismo sarebbe avvenuto attraverso pi\u00f9 fasi: 1) formazione di glaucofane a spese prevalentemente di omfacite (7-8 kbar); 2) variazione di composizione del glaucofane a katoforite o edenite per una prima ricristallizzazione in facies scisti verdi con formazione dell\u2019associazione katoforite\/edenite \u00b1 albite \u00b1 epidoto in condizioni di pressioni pi\u00f9 basse (5-8 kbar) e temperature medio-alte della facies stessa (450-470\u00b0C); 3) ulteriore decompressione in condizioni isotermali con formazione di actinolite + clorite + albite + epidoto.<\/p>\n<p><iframe loading=\"lazy\" src=\"https:\/\/www.krantz.unipr.it\/360\/286-Scisto a gastaldite\/286-Scisto a gastaldite.html\" width=\"1100\" height=\"700\"><span style=\"display: inline-block; width: 0px; overflow: hidden; line-height: 0;\" data-mce-type=\"bookmark\" class=\"mce_SELRES_start\">\ufeff<\/span><span style=\"display: inline-block; width: 0px; overflow: hidden; line-height: 0;\" data-mce-type=\"bookmark\" class=\"mce_SELRES_start\">\ufeff<\/span><span style=\"display: inline-block; width: 0px; overflow: hidden; line-height: 0;\" data-mce-type=\"bookmark\" class=\"mce_SELRES_start\">\ufeff<\/span><span style=\"display: inline-block; width: 0px; overflow: hidden; line-height: 0;\" data-mce-type=\"bookmark\" class=\"mce_SELRES_start\">\ufeff<\/span><span style=\"display: inline-block; width: 0px; overflow: hidden; line-height: 0;\" data-mce-type=\"bookmark\" class=\"mce_SELRES_start\">\ufeff<\/span><span style=\"display: inline-block; width: 0px; overflow: hidden; line-height: 0;\" data-mce-type=\"bookmark\" class=\"mce_SELRES_start\">\ufeff<\/span><span style=\"display: inline-block; width: 0px; overflow: hidden; line-height: 0;\" data-mce-type=\"bookmark\" class=\"mce_SELRES_start\">\ufeff<\/span><span style=\"display: inline-block; width: 0px; overflow: hidden; line-height: 0;\" data-mce-type=\"bookmark\" class=\"mce_SELRES_start\">\ufeff<\/span><span style=\"display: inline-block; width: 0px; overflow: hidden; line-height: 0;\" data-mce-type=\"bookmark\" class=\"mce_SELRES_start\">\ufeff<\/span><span style=\"display: inline-block; width: 0px; overflow: hidden; line-height: 0;\" data-mce-type=\"bookmark\" class=\"mce_SELRES_start\">\ufeff<\/span><span style=\"display: inline-block; width: 0px; overflow: hidden; line-height: 0;\" data-mce-type=\"bookmark\" class=\"mce_SELRES_start\">\ufeff<\/span><span style=\"display: inline-block; width: 0px; overflow: hidden; line-height: 0;\" data-mce-type=\"bookmark\" class=\"mce_SELRES_start\">\ufeff<\/span><span style=\"display: inline-block; width: 0px; overflow: hidden; line-height: 0;\" data-mce-type=\"bookmark\" class=\"mce_SELRES_start\">\ufeff<\/span><span style=\"display: inline-block; width: 0px; overflow: hidden; line-height: 0;\" data-mce-type=\"bookmark\" class=\"mce_SELRES_start\">\ufeff<\/span><span style=\"display: inline-block; width: 0px; overflow: hidden; line-height: 0;\" data-mce-type=\"bookmark\" class=\"mce_SELRES_start\">\ufeff<\/span><span style=\"display: inline-block; width: 0px; overflow: hidden; line-height: 0;\" data-mce-type=\"bookmark\" class=\"mce_SELRES_start\"><span style=\"display: inline-block; width: 0px; overflow: hidden; line-height: 0;\" data-mce-type=\"bookmark\" class=\"mce_SELRES_start\">\ufeff<\/span>\ufeff<\/span><\/iframe><\/p>\n","protected":false},"excerpt":{"rendered":"<p><strong>Collocazione: <\/strong>Vetrina 12, primo ripiano<\/p>\n<p><strong>Localit\u00e0: <\/strong>Valle del Po (probabilmente Val di Susa) &#8211; Italia<\/p>\n<p><b><span data-contrast=\"auto\">Descrizione macroscopica: <\/span><\/b>La struttura della roccia \u00e8 piuttosto massiva e il colore verde bluastro per la presenza di anfibolo blu (<strong><em>glaucofane<\/em><\/strong>) e verde (<strong><em>actinolite<\/em><\/strong>). A un\u2019attenta osservazione si vedono piccoli cristalli con abito prismatico allungato di glaucofane.<b><span data-contrast=\"auto\"><br \/>\n<\/span><\/b><\/p>\n<p><b><span data-contrast=\"auto\">Descrizione\u00a0<\/span><\/b><b><span data-contrast=\"auto\">microfoto<\/span><\/b><b><span data-contrast=\"auto\">:<br \/>\n<\/span><\/b><\/p>\n<p><strong>prima immagine: <\/strong>Granato, Glaucofane, Quarzo<\/p>\n<p><strong>seconda immagine:\u00a0<\/strong>Glaucofane di neoformazione su Omfacite e Granato<\/p>\n<p><strong>terza immagine:\u00a0 <\/strong>Glaucofane che si sta trasformando in aggregati aciculati di Actinolite<\/p>\n<p>Sezioni sottili e descrizione gentilmente concessi dalla Prof.ssa Emma Salvioli<\/p>\n","protected":false},"featured_media":488,"template":"","meta":{"_lmt_disableupdate":"","_lmt_disable":""},"product_cat":[21],"product_tag":[],"class_list":{"0":"post-487","1":"product","2":"type-product","3":"status-publish","6":"product_cat-metamorfiche","8":"first","9":"outofstock","10":"shipping-taxable","11":"product-type-simple"},"_links":{"self":[{"href":"http:\/\/www.krantz.unipr.it\/index.php\/wp-json\/wp\/v2\/product\/487","targetHints":{"allow":["GET"]}}],"collection":[{"href":"http:\/\/www.krantz.unipr.it\/index.php\/wp-json\/wp\/v2\/product"}],"about":[{"href":"http:\/\/www.krantz.unipr.it\/index.php\/wp-json\/wp\/v2\/types\/product"}],"wp:featuredmedia":[{"embeddable":true,"href":"http:\/\/www.krantz.unipr.it\/index.php\/wp-json\/wp\/v2\/media\/488"}],"wp:attachment":[{"href":"http:\/\/www.krantz.unipr.it\/index.php\/wp-json\/wp\/v2\/media?parent=487"}],"wp:term":[{"taxonomy":"product_cat","embeddable":true,"href":"http:\/\/www.krantz.unipr.it\/index.php\/wp-json\/wp\/v2\/product_cat?post=487"},{"taxonomy":"product_tag","embeddable":true,"href":"http:\/\/www.krantz.unipr.it\/index.php\/wp-json\/wp\/v2\/product_tag?post=487"}],"curies":[{"name":"wp","href":"https:\/\/api.w.org\/{rel}","templated":true}]}}