{"id":482,"date":"2023-02-06T12:59:26","date_gmt":"2023-02-06T11:59:26","guid":{"rendered":"http:\/\/www.krantz.unipr.it\/?post_type=product&#038;p=482"},"modified":"2023-02-06T13:05:05","modified_gmt":"2023-02-06T12:05:05","slug":"280-granulite-a-pirosseno","status":"publish","type":"product","link":"http:\/\/www.krantz.unipr.it\/index.php\/prodotto\/280-granulite-a-pirosseno\/","title":{"rendered":"280-Granulite a pirosseno"},"content":{"rendered":"<p><strong>VISTA A 360\u00b0<\/strong><\/p>\n<p>Il Massiccio Boemo, altopiano mediamente elevato di 500-600 metri, rappresenta l\u2019espressione pi\u00f9 orientale dell\u2019orogenesi varisica; si estende dalla Baviera, alla Slovacchia, Polonia e Austria. A sud \u00e8 circondato dal fiume Danubio e a nord-est \u00e8 troncato dalla Piattaforma Russa. Come tutti gli orogeni varisici, il Massiccio Boemo \u00e8 caratterizzato da un metamorfismo di bassa pressione e alta temperatura e un gran volume di corpi granitici. Sono presenti anche corpi di rocce di alta pressione (eclogiti, peridotiti a granato e granuliti di alta pressione), di piccole dimensioni ma notevolmente diffusi in tutto il Massiccio. Il metamorfismo di alta pressione \u00e8 datato 430 Ma, mentre quello di bassa pressione 320-330 Ma. La maggior parte delle rocce in facies eclogitica e granulitica \u00e8 attribuita a falde alloctone che si misero in posto verso la fine dell\u2019evento di bassa pressione ma prima dell\u2019intrusione finale dei graniti. La zona pi\u00f9 settentrionale dei Vosgi, della Foresta Nera e del Massiccio Boemo appartiene alla zona Sassoturingia, in cui si possono distinguere diverse unit\u00e0, con presenza di granuliti, eclogiti, metabasiti, rocce ultramafiche. In genere si passa da un metamorfismo in facies anfiboliti a retrometamorfismo in facies scisti verdi<\/p>\n<p><iframe loading=\"lazy\" src=\"https:\/\/www.krantz.unipr.it\/360\/280-Granulite a pirosseno\/280-Granulite a pirosseno.html\" width=\"1100\" height=\"700\"><span style=\"display: inline-block; width: 0px; overflow: hidden; line-height: 0;\" data-mce-type=\"bookmark\" class=\"mce_SELRES_start\">\ufeff<\/span><span style=\"display: inline-block; width: 0px; overflow: hidden; line-height: 0;\" data-mce-type=\"bookmark\" class=\"mce_SELRES_start\">\ufeff<\/span><span style=\"display: inline-block; width: 0px; overflow: hidden; line-height: 0;\" data-mce-type=\"bookmark\" class=\"mce_SELRES_start\">\ufeff<\/span><span style=\"display: inline-block; width: 0px; overflow: hidden; line-height: 0;\" data-mce-type=\"bookmark\" class=\"mce_SELRES_start\">\ufeff<\/span><span style=\"display: inline-block; width: 0px; overflow: hidden; line-height: 0;\" data-mce-type=\"bookmark\" class=\"mce_SELRES_start\">\ufeff<\/span><span style=\"display: inline-block; width: 0px; overflow: hidden; line-height: 0;\" data-mce-type=\"bookmark\" class=\"mce_SELRES_start\">\ufeff<\/span><span style=\"display: inline-block; width: 0px; overflow: hidden; line-height: 0;\" data-mce-type=\"bookmark\" class=\"mce_SELRES_start\">\ufeff<\/span><span style=\"display: inline-block; width: 0px; overflow: hidden; line-height: 0;\" data-mce-type=\"bookmark\" class=\"mce_SELRES_start\">\ufeff<\/span><span style=\"display: inline-block; width: 0px; overflow: hidden; line-height: 0;\" data-mce-type=\"bookmark\" class=\"mce_SELRES_start\">\ufeff<\/span><span style=\"display: inline-block; width: 0px; overflow: hidden; line-height: 0;\" data-mce-type=\"bookmark\" class=\"mce_SELRES_start\">\ufeff<\/span><span style=\"display: inline-block; width: 0px; overflow: hidden; line-height: 0;\" data-mce-type=\"bookmark\" class=\"mce_SELRES_start\">\ufeff<\/span><span style=\"display: inline-block; width: 0px; overflow: hidden; line-height: 0;\" data-mce-type=\"bookmark\" class=\"mce_SELRES_start\">\ufeff<\/span><span style=\"display: inline-block; width: 0px; overflow: hidden; line-height: 0;\" data-mce-type=\"bookmark\" class=\"mce_SELRES_start\">\ufeff<\/span><span style=\"display: inline-block; width: 0px; overflow: hidden; line-height: 0;\" data-mce-type=\"bookmark\" class=\"mce_SELRES_start\">\ufeff<\/span><span style=\"display: inline-block; width: 0px; overflow: hidden; line-height: 0;\" data-mce-type=\"bookmark\" class=\"mce_SELRES_start\"><span style=\"display: inline-block; width: 0px; overflow: hidden; line-height: 0;\" data-mce-type=\"bookmark\" class=\"mce_SELRES_start\">\ufeff<\/span>\ufeff<\/span><\/iframe><\/p>\n","protected":false},"excerpt":{"rendered":"<p><strong>Collocazione: <\/strong>Vetrina 12, primo ripiano<\/p>\n<p><strong>Localit\u00e0: <\/strong>Hartmannsdorf (Sassonia) &#8211; germania<\/p>\n<p><b><span data-contrast=\"auto\">Descrizione macroscopica: <\/span><\/b>La roccia ha struttura massiva e colore molto scuro dovuto alla presenza di molti minerali femici e scarsi minerali felsici, difficilmente riconoscibili macroscopicamente.<b><span data-contrast=\"auto\"><br \/>\n<\/span><\/b><\/p>\n<p><b><span data-contrast=\"auto\">Descrizione\u00a0<\/span><\/b><b><span data-contrast=\"auto\">microfoto<\/span><\/b><b><span data-contrast=\"auto\">:<br \/>\n<\/span><\/b><\/p>\n<p><strong>prima immagine: <\/strong>Tessitura massiva, giunzioni triple<\/p>\n<p><strong>seconda immagine: <\/strong>Plagioclasio, Clinopirosseni, Ortopirosseni<\/p>\n<p><strong>terza immagine: <\/strong>Granato<\/p>\n<p>Sezioni sottili e descrizione gentilmente concessi dalla Prof.ssa Emma Salvioli<\/p>\n","protected":false},"featured_media":486,"template":"","meta":{"_lmt_disableupdate":"","_lmt_disable":""},"product_cat":[21],"product_tag":[],"class_list":{"0":"post-482","1":"product","2":"type-product","3":"status-publish","6":"product_cat-metamorfiche","8":"first","9":"outofstock","10":"shipping-taxable","11":"product-type-simple"},"_links":{"self":[{"href":"http:\/\/www.krantz.unipr.it\/index.php\/wp-json\/wp\/v2\/product\/482","targetHints":{"allow":["GET"]}}],"collection":[{"href":"http:\/\/www.krantz.unipr.it\/index.php\/wp-json\/wp\/v2\/product"}],"about":[{"href":"http:\/\/www.krantz.unipr.it\/index.php\/wp-json\/wp\/v2\/types\/product"}],"wp:featuredmedia":[{"embeddable":true,"href":"http:\/\/www.krantz.unipr.it\/index.php\/wp-json\/wp\/v2\/media\/486"}],"wp:attachment":[{"href":"http:\/\/www.krantz.unipr.it\/index.php\/wp-json\/wp\/v2\/media?parent=482"}],"wp:term":[{"taxonomy":"product_cat","embeddable":true,"href":"http:\/\/www.krantz.unipr.it\/index.php\/wp-json\/wp\/v2\/product_cat?post=482"},{"taxonomy":"product_tag","embeddable":true,"href":"http:\/\/www.krantz.unipr.it\/index.php\/wp-json\/wp\/v2\/product_tag?post=482"}],"curies":[{"name":"wp","href":"https:\/\/api.w.org\/{rel}","templated":true}]}}