{"id":473,"date":"2023-02-06T11:33:08","date_gmt":"2023-02-06T10:33:08","guid":{"rendered":"http:\/\/www.krantz.unipr.it\/?post_type=product&#038;p=473"},"modified":"2023-02-06T11:42:14","modified_gmt":"2023-02-06T10:42:14","slug":"251-cloroscisto","status":"publish","type":"product","link":"http:\/\/www.krantz.unipr.it\/index.php\/prodotto\/251-cloroscisto\/","title":{"rendered":"251-Cloroscisto"},"content":{"rendered":"<p><strong>VISTA A 360\u00b0<\/strong><\/p>\n<p>Il Massiccio Boemo, altopiano mediamente elevato di 500-600 metri, rappresenta l\u2019espressione pi\u00f9 orientale dell\u2019orogenesi varisica; si estende dalla Baviera, alla Slovacchia, Polonia e Austria. A sud \u00e8 circondato dal fiume Danubio e a nord-est \u00e8 troncato dalla Piattaforma Russa. Come tutti gli orogeni varisici, il Massiccio Boemo \u00e8 caratterizzato da un metamorfismo di bassa pressione e alta temperatura e un gran volume di corpi granitici. Sono presenti anche corpi di rocce di alta pressione (eclogiti, peridotiti a granato e granuliti di alta pressione), di piccole dimensioni ma notevolmente diffusi in tutto il Massiccio. Il metamorfismo di alta pressione \u00e8 datato 430 Ma, mentre quello di bassa pressione 320-330 Ma. La maggior parte delle rocce in facies eclogitica e granulitica \u00e8 attribuita a falde alloctone che si misero in posto verso la fine dell\u2019evento di bassa pressione ma prima dell\u2019intrusione finale dei graniti. Nella zona centrale del Massiccio Boemo (Zona Barrandiana), nel settore nord-ovest, si trova una zona meta-ofiolitica comprendente: una unit\u00e0 anfibolitica leggermente foliata separata da serpentiniti da una unit\u00e0 di pi\u00f9 alto grado contenente eclogite e una sequenza con scisti ofiolitici (metagabbri e marne) con un grado metamorfico intermedio tra le unit\u00e0 precedenti. Le serpentiniti, in precedenza peridotiti a spinello e harzburgiti, sono talvolta ulteriormente ricristallizzate a scisti contenenti tremolite, talco e clorite.<\/p>\n<p>&nbsp;<\/p>\n<p><iframe loading=\"lazy\" src=\"https:\/\/www.krantz.unipr.it\/360\/251-Cloroscisto\/251-Cloroscisto.html\" width=\"1100\" height=\"700\"><span style=\"display: inline-block; width: 0px; overflow: hidden; line-height: 0;\" data-mce-type=\"bookmark\" class=\"mce_SELRES_start\">\ufeff<\/span><span style=\"display: inline-block; width: 0px; overflow: hidden; line-height: 0;\" data-mce-type=\"bookmark\" class=\"mce_SELRES_start\">\ufeff<\/span><span style=\"display: inline-block; width: 0px; overflow: hidden; line-height: 0;\" data-mce-type=\"bookmark\" class=\"mce_SELRES_start\">\ufeff<\/span><span style=\"display: inline-block; width: 0px; overflow: hidden; line-height: 0;\" data-mce-type=\"bookmark\" class=\"mce_SELRES_start\">\ufeff<\/span><span style=\"display: inline-block; width: 0px; overflow: hidden; line-height: 0;\" data-mce-type=\"bookmark\" class=\"mce_SELRES_start\">\ufeff<\/span><span style=\"display: inline-block; width: 0px; overflow: hidden; line-height: 0;\" data-mce-type=\"bookmark\" class=\"mce_SELRES_start\">\ufeff<\/span><span style=\"display: inline-block; width: 0px; overflow: hidden; line-height: 0;\" data-mce-type=\"bookmark\" class=\"mce_SELRES_start\">\ufeff<\/span><span style=\"display: inline-block; width: 0px; overflow: hidden; line-height: 0;\" data-mce-type=\"bookmark\" class=\"mce_SELRES_start\">\ufeff<\/span><span style=\"display: inline-block; width: 0px; overflow: hidden; line-height: 0;\" data-mce-type=\"bookmark\" class=\"mce_SELRES_start\">\ufeff<\/span><span style=\"display: inline-block; width: 0px; overflow: hidden; line-height: 0;\" data-mce-type=\"bookmark\" class=\"mce_SELRES_start\">\ufeff<\/span><span style=\"display: inline-block; width: 0px; overflow: hidden; line-height: 0;\" data-mce-type=\"bookmark\" class=\"mce_SELRES_start\">\ufeff<\/span><span style=\"display: inline-block; width: 0px; overflow: hidden; line-height: 0;\" data-mce-type=\"bookmark\" class=\"mce_SELRES_start\">\ufeff<\/span><span style=\"display: inline-block; width: 0px; overflow: hidden; line-height: 0;\" data-mce-type=\"bookmark\" class=\"mce_SELRES_start\"><span style=\"display: inline-block; width: 0px; overflow: hidden; line-height: 0;\" data-mce-type=\"bookmark\" class=\"mce_SELRES_start\">\ufeff<\/span>\ufeff<\/span><\/iframe><\/p>\n","protected":false},"excerpt":{"rendered":"<p><strong>Collocazione: <\/strong>Vetrina 12, primo ripiano<\/p>\n<p><strong>Localit\u00e0: <\/strong>Zoeptan (Maehren-Moravia) &#8211; Repubblica Ceca<\/p>\n<p><b><span data-contrast=\"auto\">Descrizione macroscopica:<\/span><\/b><span data-ccp-props=\"{}\">\u00a0<\/span><\/p>\n<p>La roccia presenta tessitura scistosa. I minerali hanno dimensioni minute, ad eccezione di quelli che conferiscono scistosit\u00e0 alla roccia che si orientano secondo una direzione preferenziale. La lucentezza micacea e il colore verde suggerisce abbondante <strong><em>clorite<\/em><\/strong><\/p>\n<p><b><span data-contrast=\"auto\">Descrizione\u00a0<\/span><\/b><b><span data-contrast=\"auto\">microfoto<\/span><\/b><b><span data-contrast=\"auto\">:<\/span><\/b><\/p>\n<p><strong>prima immagine: <\/strong>Clorite<\/p>\n<p><strong>seconda immagine: <\/strong>Anfibolo<\/p>\n<p>Sezioni sottili e descrizione gentilmente concessi dalla Prof.ssa Emma Salvioli<\/p>\n","protected":false},"featured_media":474,"template":"","meta":{"_lmt_disableupdate":"","_lmt_disable":""},"product_cat":[21],"product_tag":[],"class_list":{"0":"post-473","1":"product","2":"type-product","3":"status-publish","6":"product_cat-metamorfiche","8":"first","9":"outofstock","10":"shipping-taxable","11":"product-type-simple"},"_links":{"self":[{"href":"http:\/\/www.krantz.unipr.it\/index.php\/wp-json\/wp\/v2\/product\/473","targetHints":{"allow":["GET"]}}],"collection":[{"href":"http:\/\/www.krantz.unipr.it\/index.php\/wp-json\/wp\/v2\/product"}],"about":[{"href":"http:\/\/www.krantz.unipr.it\/index.php\/wp-json\/wp\/v2\/types\/product"}],"wp:featuredmedia":[{"embeddable":true,"href":"http:\/\/www.krantz.unipr.it\/index.php\/wp-json\/wp\/v2\/media\/474"}],"wp:attachment":[{"href":"http:\/\/www.krantz.unipr.it\/index.php\/wp-json\/wp\/v2\/media?parent=473"}],"wp:term":[{"taxonomy":"product_cat","embeddable":true,"href":"http:\/\/www.krantz.unipr.it\/index.php\/wp-json\/wp\/v2\/product_cat?post=473"},{"taxonomy":"product_tag","embeddable":true,"href":"http:\/\/www.krantz.unipr.it\/index.php\/wp-json\/wp\/v2\/product_tag?post=473"}],"curies":[{"name":"wp","href":"https:\/\/api.w.org\/{rel}","templated":true}]}}