{"id":468,"date":"2023-02-06T11:23:25","date_gmt":"2023-02-06T10:23:25","guid":{"rendered":"http:\/\/www.krantz.unipr.it\/?post_type=product&#038;p=468"},"modified":"2023-02-06T11:40:29","modified_gmt":"2023-02-06T10:40:29","slug":"222-fillade-a-staurolite","status":"publish","type":"product","link":"http:\/\/www.krantz.unipr.it\/index.php\/prodotto\/222-fillade-a-staurolite\/","title":{"rendered":"222-Fillade a Staurolite"},"content":{"rendered":"<p><strong>VISTA A 360\u00b0<\/strong><\/p>\n<p>Nella zona Nord-Pirenaica affiora un basamento di et\u00e0 Paleozoica in corrispondenza di rilievi strutturali. Questi alti strutturali si sono formati durante l\u2019orogenesi ercinica (Permiano) e le rocce da cui sono costituiti sono principalmente gneiss e gneiss granulitici del Precambriano, rocce magmatiche e metamorfiche del Paleozoico. Una caratteristica particolare di questo campione \u00e8 la presenza di staurolite e granato. Le filladi sono rocce di basso grado metamorfico, mentre staurolite e granato sono minerali che si formano in condizioni di grado metamorfico pi\u00f9 alto. La presenza di evidenze di instabilit\u00e0 in staurolite e granato, suggerisce che inizialmente la roccia fosse di grado metamorfico pi\u00f9 alto; in seguito al mutare delle condizioni ambientali la roccia originaria contenente staurolite e granato avrebbe subito un retrometamorfismo, cio\u00e8 si sarebbe trovata in condizioni di temperatura e pressione minori che hanno determinano la trasformazione dei minerali presenti in minerali pi\u00f9 stabili nelle nuove condizioni.<br \/>\n<iframe loading=\"lazy\" src=\"https:\/\/www.krantz.unipr.it\/360\/222-Fillade a Staurolite\/222-Fillade a Staurolite.html\" width=\"1100\" height=\"700\"><span style=\"display: inline-block; width: 0px; overflow: hidden; line-height: 0;\" data-mce-type=\"bookmark\" class=\"mce_SELRES_start\">\ufeff<\/span><span style=\"display: inline-block; width: 0px; overflow: hidden; line-height: 0;\" data-mce-type=\"bookmark\" class=\"mce_SELRES_start\">\ufeff<\/span><span style=\"display: inline-block; width: 0px; overflow: hidden; line-height: 0;\" data-mce-type=\"bookmark\" class=\"mce_SELRES_start\">\ufeff<\/span><span style=\"display: inline-block; width: 0px; overflow: hidden; line-height: 0;\" data-mce-type=\"bookmark\" class=\"mce_SELRES_start\">\ufeff<\/span><span style=\"display: inline-block; width: 0px; overflow: hidden; line-height: 0;\" data-mce-type=\"bookmark\" class=\"mce_SELRES_start\">\ufeff<\/span><span style=\"display: inline-block; width: 0px; overflow: hidden; line-height: 0;\" data-mce-type=\"bookmark\" class=\"mce_SELRES_start\">\ufeff<\/span><span style=\"display: inline-block; width: 0px; overflow: hidden; line-height: 0;\" data-mce-type=\"bookmark\" class=\"mce_SELRES_start\">\ufeff<\/span><span style=\"display: inline-block; width: 0px; overflow: hidden; line-height: 0;\" data-mce-type=\"bookmark\" class=\"mce_SELRES_start\">\ufeff<\/span><span style=\"display: inline-block; width: 0px; overflow: hidden; line-height: 0;\" data-mce-type=\"bookmark\" class=\"mce_SELRES_start\">\ufeff<\/span><span style=\"display: inline-block; width: 0px; overflow: hidden; line-height: 0;\" data-mce-type=\"bookmark\" class=\"mce_SELRES_start\">\ufeff<\/span><span style=\"display: inline-block; width: 0px; overflow: hidden; line-height: 0;\" data-mce-type=\"bookmark\" class=\"mce_SELRES_start\">\ufeff<\/span><span style=\"display: inline-block; width: 0px; overflow: hidden; line-height: 0;\" data-mce-type=\"bookmark\" class=\"mce_SELRES_start\"><span style=\"display: inline-block; width: 0px; overflow: hidden; line-height: 0;\" data-mce-type=\"bookmark\" class=\"mce_SELRES_start\">\ufeff<\/span>\ufeff<\/span><\/iframe><\/p>\n","protected":false},"excerpt":{"rendered":"<p><strong>Collocazione: <\/strong>Vetrina 11, sesto ripiano<\/p>\n<p><strong>Localit\u00e0: <\/strong>Val de Bourbe (Pirenei) &#8211; Francia<\/p>\n<p><b><span data-contrast=\"auto\">Descrizione macroscopica:<\/span><\/b><span data-ccp-props=\"{}\"> Roccia di colore grigio scuro, con scistosit\u00e0 ben sviluppata e cristalli di piccole dimensioni. L\u2019aspetto lucente \u00e8 conferito dalla mica muscovite; ben visibili sono piccoli cristalli di staurolite, allungati e di colore marrone-rossiccio, e granato, tondeggiante di colore rosso scuro.<\/span><\/p>\n<p><b><span data-contrast=\"auto\">Descrizione\u00a0<\/span><\/b><b><span data-contrast=\"auto\">microfoto<\/span><\/b><b><span data-contrast=\"auto\">:<\/span><\/b><\/p>\n<p><strong>prima immagine: <\/strong>Muscovite, Biotite, Quarzo, Plagioclasio<\/p>\n<p><strong>seconda immagine: <\/strong>Staurolite<\/p>\n<p><strong>terza immagine: <\/strong>Granato<strong><br \/>\n<\/strong><\/p>\n<p>Sezioni sottili e descrizione gentilmente concessa dalla Prof.ssa Emma Salvioli<\/p>\n","protected":false},"featured_media":469,"template":"","meta":{"_lmt_disableupdate":"","_lmt_disable":""},"product_cat":[21],"product_tag":[],"class_list":{"0":"post-468","1":"product","2":"type-product","3":"status-publish","6":"product_cat-metamorfiche","8":"first","9":"outofstock","10":"shipping-taxable","11":"product-type-simple"},"_links":{"self":[{"href":"http:\/\/www.krantz.unipr.it\/index.php\/wp-json\/wp\/v2\/product\/468","targetHints":{"allow":["GET"]}}],"collection":[{"href":"http:\/\/www.krantz.unipr.it\/index.php\/wp-json\/wp\/v2\/product"}],"about":[{"href":"http:\/\/www.krantz.unipr.it\/index.php\/wp-json\/wp\/v2\/types\/product"}],"wp:featuredmedia":[{"embeddable":true,"href":"http:\/\/www.krantz.unipr.it\/index.php\/wp-json\/wp\/v2\/media\/469"}],"wp:attachment":[{"href":"http:\/\/www.krantz.unipr.it\/index.php\/wp-json\/wp\/v2\/media?parent=468"}],"wp:term":[{"taxonomy":"product_cat","embeddable":true,"href":"http:\/\/www.krantz.unipr.it\/index.php\/wp-json\/wp\/v2\/product_cat?post=468"},{"taxonomy":"product_tag","embeddable":true,"href":"http:\/\/www.krantz.unipr.it\/index.php\/wp-json\/wp\/v2\/product_tag?post=468"}],"curies":[{"name":"wp","href":"https:\/\/api.w.org\/{rel}","templated":true}]}}