{"id":356,"date":"2023-01-16T11:52:41","date_gmt":"2023-01-16T10:52:41","guid":{"rendered":"http:\/\/www.krantz.unipr.it\/?post_type=product&#038;p=356"},"modified":"2023-01-16T12:05:29","modified_gmt":"2023-01-16T11:05:29","slug":"385-foidite","status":"publish","type":"product","link":"http:\/\/www.krantz.unipr.it\/index.php\/prodotto\/385-foidite\/","title":{"rendered":"385-Foidite"},"content":{"rendered":"<p>L&#8217;Eifel \u00e8 un altopiano della Germania occidentale, appartenente al Massiccio che si trova al confine con il Belgio e il Lussemburgo. La collisione tra placca europea e africana provoc\u00f2 la fratturazione del vecchio basamento e la risalita di magmi, con sollevamento di tutta l\u2019area. Questi processi hanno causato il vulcnesimo che si estenda su un\u2019ampia area, dalla regione dell\u2019Alvernia nel Massiccio centrale fino in Germania (Eifel) e in Boemia, lungo il rift abortito del Rodano-Reno. I fenomeni magmatici sono di tipo continentale, con magmi provenienti dalla fusione parziale della crosta profonda e del mantello superiore (100-150 km di profondit\u00e0). La zona dell\u2019Eifel comprende circa 240 centri eruttivi che coprono un\u2019area complessiva di 600 km<sup>2<\/sup>; l\u2019attivit\u00e0 vulcanica \u00e8 attualmente dormiente ma non estinta. L\u2019Eifel pu\u00f2 essere divisa in due zone, una Orientale e una Occidentale, simili per quanto riguarda l\u2019evoluzione temporale, spaziale, strutturale e composizionale, ma decisamente diversi per altri parametri.<\/p>\n<p>Nella zona Orientale, da cui proviene il campione, l\u2019attivit\u00e0 vulcanica \u00e8 iniziata circa 460.000 anni fa con magmi con composizioni mafiche foiditiche. L\u2019attivit\u00e0 vulcanica si \u00e8 poi spostata verso est circa 215.000-190.000 anni fa con evoluzione dei magmi da basaniti verso composizioni tefritiche. Un importante complesso fonolitico al centro dell\u2019area \u00e8 rappresentato da intrusioni, domi, ignimbriti e abbondante materiale piroclastico. \u00c8 seguito un periodo di scarsa attivit\u00e0 fino a 12.900 anni fa, quando il vulcano Lacheer See erutt\u00f2 pi\u00f9 di 6 km<sup>3<\/sup> di magma, di cui la maggior parte in tre giorni, creando uno strato di materiale piroclastico da caduta riconoscibile dalla Svezia meridionale fino all\u2019Italia settentrionale.<\/p>\n<p><strong>VISTA A 360\u00b0<\/strong><br \/>\n<iframe loading=\"lazy\" src=\"https:\/\/www.krantz.unipr.it\/360\/385-Foidite\/385- Foidite.html\" width=\"1100\" height=\"700\"><span style=\"display: inline-block; width: 0px; overflow: hidden; line-height: 0;\" data-mce-type=\"bookmark\" class=\"mce_SELRES_start\">\ufeff<\/span><span style=\"display: inline-block; width: 0px; overflow: hidden; line-height: 0;\" data-mce-type=\"bookmark\" class=\"mce_SELRES_start\">\ufeff<\/span><span style=\"display: inline-block; width: 0px; overflow: hidden; line-height: 0;\" data-mce-type=\"bookmark\" class=\"mce_SELRES_start\">\ufeff<\/span><span style=\"display: inline-block; width: 0px; overflow: hidden; line-height: 0;\" data-mce-type=\"bookmark\" class=\"mce_SELRES_start\">\ufeff<\/span><span style=\"display: inline-block; width: 0px; overflow: hidden; line-height: 0;\" data-mce-type=\"bookmark\" class=\"mce_SELRES_start\">\ufeff<\/span><span style=\"display: inline-block; width: 0px; overflow: hidden; line-height: 0;\" data-mce-type=\"bookmark\" class=\"mce_SELRES_start\">\ufeff<\/span><\/iframe><\/p>\n","protected":false},"excerpt":{"rendered":"<p><strong>Collocazione:\u00a0<\/strong>Vetrina 12, quarto ripiano<\/p>\n<p><strong>Localit\u00e0:\u00a0<\/strong>Rieden (Eifel) &#8211; Germania<\/p>\n<p><b><span data-contrast=\"auto\">Descrizione macroscopica:<\/span><\/b><\/p>\n<p><span data-ccp-props=\"{}\">Il colore della roccia \u00e8 molto scuro per la presenza di molti minerali mafici anche nella pasta di fondo. Sono visibili fenocristalli di <strong><em>pirosseni<\/em><\/strong> (neri) e <strong><em>leucite<\/em><\/strong> (bianchi)<\/span><\/p>\n<p><b><span data-contrast=\"auto\">Descrizione\u00a0<\/span><\/b><b><span data-contrast=\"auto\">microfoto<\/span><\/b><b><span data-contrast=\"auto\">:<\/span><\/b><span data-ccp-props=\"{}\">\u00a0<\/span><\/p>\n<p>prima immagine: Fenocristalli di Pirosseno (egirin-augite) zonato<br \/>\nseconda immagine: Pasta di fondo con cristalli di leucite, hauyna, egirin-augite, nefelina<br \/>\nterza immagine: Fenocristalli di Hauyna<br \/>\nSezioni sottili e descrizione gentilmente concessa dalla Prof.ssa Emma Salvioli<\/p>\n","protected":false},"featured_media":357,"template":"","meta":{"_lmt_disableupdate":"","_lmt_disable":""},"product_cat":[24],"product_tag":[],"class_list":{"0":"post-356","1":"product","2":"type-product","3":"status-publish","6":"product_cat-magmatiche-effusive","8":"first","9":"outofstock","10":"shipping-taxable","11":"product-type-simple"},"_links":{"self":[{"href":"http:\/\/www.krantz.unipr.it\/index.php\/wp-json\/wp\/v2\/product\/356","targetHints":{"allow":["GET"]}}],"collection":[{"href":"http:\/\/www.krantz.unipr.it\/index.php\/wp-json\/wp\/v2\/product"}],"about":[{"href":"http:\/\/www.krantz.unipr.it\/index.php\/wp-json\/wp\/v2\/types\/product"}],"wp:featuredmedia":[{"embeddable":true,"href":"http:\/\/www.krantz.unipr.it\/index.php\/wp-json\/wp\/v2\/media\/357"}],"wp:attachment":[{"href":"http:\/\/www.krantz.unipr.it\/index.php\/wp-json\/wp\/v2\/media?parent=356"}],"wp:term":[{"taxonomy":"product_cat","embeddable":true,"href":"http:\/\/www.krantz.unipr.it\/index.php\/wp-json\/wp\/v2\/product_cat?post=356"},{"taxonomy":"product_tag","embeddable":true,"href":"http:\/\/www.krantz.unipr.it\/index.php\/wp-json\/wp\/v2\/product_tag?post=356"}],"curies":[{"name":"wp","href":"https:\/\/api.w.org\/{rel}","templated":true}]}}