{"id":345,"date":"2023-01-16T11:32:46","date_gmt":"2023-01-16T10:32:46","guid":{"rendered":"http:\/\/www.krantz.unipr.it\/?post_type=product&#038;p=345"},"modified":"2023-03-09T11:07:09","modified_gmt":"2023-03-09T10:07:09","slug":"287-glaucofanite","status":"publish","type":"product","link":"http:\/\/www.krantz.unipr.it\/index.php\/prodotto\/287-glaucofanite\/","title":{"rendered":"287- Glaucofanite"},"content":{"rendered":"<p>Il campione proviene dal Piemonte nord-occidentale e appartiene a una unit\u00e0 denominata &#8220;unit\u00e0 polimetamorfica&#8221; della Val di Susa, pi\u00f9 precisamente la falda Dora-Maira (D-M), che a sua volta fa parte dell\u2019Unit\u00e0 Pennidica. Tale falda \u00e8 l&#8217;elemento tettonico inferiore della Val di Susa ed \u00e8 sormontato da una sequenza mesozoica di carbonati metasedimentari e dalle metaofioliti del Piemonte.<\/p>\n<p>L\u2019associazione cristallina della falda D-M \u00e8 caratterizzata da micascisti contenenti granato-cloritoide-fengite, gneiss a grana fine, diffusi gneiss contenenti K-feldspato e fengite, e subordinatamente metabasiti e marmi impuri. Secondo alcuni autori (Vialon, 1996) questa successione rappresenta una serie vulcano-sedimentaria del tardo Paleozoico, mentre altri autori (Bortolani e Dal Piaz, 1970) la considerano derivate da un basamento pre-Westfaliano intruso da granotoidi ercinici.<\/p>\n<p>Questo campione rappresenta una originaria eclogite che ha subito diverse fasi di retrometamorfismo. L\u2019omfacite \u00e8 sostituita interamente o parzialmente da glaucofane, che a sua volta localmente si sta trasformando in actinolite. Anche la clinozoisite sembra formarsi a spese di omfacite. Infine si forma clorite a spese di granato, omfacite, glaucofane.<\/p>\n<p>Si pu\u00f2 quindi ipotizzare che l\u2019originaria eclogite, formatasi per metamorfismo di alta pressione di rocce basiche (T 500\u00b0C e P 9-13 kbar), subisca un retrometamorfismo in faceis scisti blu, con diminuzione di temperatura e solo parzialmente di pressione. Una successiva e pi\u00f9 pronunciata diminuzione di temperatura porta alla formazione di actinolite, clinozoisite e clorite.<\/p>\n<p>Il retrometamorfismo sarebbe avvenuto attraverso pi\u00f9 fasi: 1) formazione di glaucofane a spese prevalentemente di omfacite (7-8 kbar); 2) variazione di composizione del glaucofane a katoforite o edenite per una prima ricristallizzazione in facies scisti verdi con formazione dell\u2019associazione katoforite\/edenite \u00b1 albite \u00b1 epidoto in condizioni di pressioni pi\u00f9 basse (5-8 kbar) e temperature medio-alte della facies stessa (450-470\u00b0C); 3) ulteriore decompressione in condizioni isotermali con formazione di actinolite + clorite + albite + epidoto.<\/p>\n<p><strong>VISTA A 360\u00b0<\/strong><br \/>\n<iframe loading=\"lazy\" src=\"https:\/\/www.krantz.unipr.it\/360\/287-Glaucofanite\/287-Glaucofanite.html\" width=\"1100\" height=\"700\"><span style=\"display: inline-block; width: 0px; overflow: hidden; line-height: 0;\" data-mce-type=\"bookmark\" class=\"mce_SELRES_start\">\ufeff<\/span><span style=\"display: inline-block; width: 0px; overflow: hidden; line-height: 0;\" data-mce-type=\"bookmark\" class=\"mce_SELRES_start\">\ufeff<\/span><span style=\"display: inline-block; width: 0px; overflow: hidden; line-height: 0;\" data-mce-type=\"bookmark\" class=\"mce_SELRES_start\">\ufeff<\/span><span style=\"display: inline-block; width: 0px; overflow: hidden; line-height: 0;\" data-mce-type=\"bookmark\" class=\"mce_SELRES_start\">\ufeff<\/span><span style=\"display: inline-block; width: 0px; overflow: hidden; line-height: 0;\" data-mce-type=\"bookmark\" class=\"mce_SELRES_start\">\ufeff<\/span><\/iframe><\/p>\n","protected":false},"excerpt":{"rendered":"<p><strong>Collocazione:\u00a0<\/strong>Vetrina 12, primo ripiano<\/p>\n<p><strong>Localit\u00e0:\u00a0<\/strong>Val di Susa (Piemonte) (c\/o Susa??)<\/p>\n<p><b><span data-contrast=\"auto\">Descrizione macroscopica:<\/span><\/b><span data-ccp-props=\"{}\">\u00a0<\/span><\/p>\n<p>Il campione ha un colore tendente al blu scuro, per la presenza di abbondante <strong><em>glaucofane<\/em><\/strong>. La tessitura \u00e8 massiva.<\/p>\n<p><b><span data-contrast=\"auto\">Descrizione\u00a0<\/span><\/b><b><span data-contrast=\"auto\">microfoto<\/span><\/b><b><span data-contrast=\"auto\">:<\/span><\/b><span data-ccp-props=\"{}\">\u00a0<\/span><\/p>\n<p>prima immagine: Granato, Glaucofane, Omfacite, Epidoti<br \/>\nseconda immagine: Granato, Omfacite, Actinolite<br \/>\nterza immagine: Vena di Epidoti<br \/>\nSezioni sottili e descrizione gentilmente concessa dalla Prof.ssa Emma Salvioli<\/p>\n","protected":false},"featured_media":346,"template":"","meta":{"_lmt_disableupdate":"","_lmt_disable":""},"product_cat":[21],"product_tag":[],"class_list":{"0":"post-345","1":"product","2":"type-product","3":"status-publish","6":"product_cat-metamorfiche","8":"first","9":"outofstock","10":"shipping-taxable","11":"product-type-simple"},"_links":{"self":[{"href":"http:\/\/www.krantz.unipr.it\/index.php\/wp-json\/wp\/v2\/product\/345","targetHints":{"allow":["GET"]}}],"collection":[{"href":"http:\/\/www.krantz.unipr.it\/index.php\/wp-json\/wp\/v2\/product"}],"about":[{"href":"http:\/\/www.krantz.unipr.it\/index.php\/wp-json\/wp\/v2\/types\/product"}],"wp:featuredmedia":[{"embeddable":true,"href":"http:\/\/www.krantz.unipr.it\/index.php\/wp-json\/wp\/v2\/media\/346"}],"wp:attachment":[{"href":"http:\/\/www.krantz.unipr.it\/index.php\/wp-json\/wp\/v2\/media?parent=345"}],"wp:term":[{"taxonomy":"product_cat","embeddable":true,"href":"http:\/\/www.krantz.unipr.it\/index.php\/wp-json\/wp\/v2\/product_cat?post=345"},{"taxonomy":"product_tag","embeddable":true,"href":"http:\/\/www.krantz.unipr.it\/index.php\/wp-json\/wp\/v2\/product_tag?post=345"}],"curies":[{"name":"wp","href":"https:\/\/api.w.org\/{rel}","templated":true}]}}