{"id":334,"date":"2023-01-16T10:46:20","date_gmt":"2023-01-16T09:46:20","guid":{"rendered":"http:\/\/www.krantz.unipr.it\/?post_type=product&#038;p=334"},"modified":"2023-01-16T11:31:15","modified_gmt":"2023-01-16T10:31:15","slug":"244-micascisto","status":"publish","type":"product","link":"http:\/\/www.krantz.unipr.it\/index.php\/prodotto\/244-micascisto\/","title":{"rendered":"244- Micascisto a cloritoide"},"content":{"rendered":"<p>Il campione proviene dal Piemonte nord-occidentale e appartiene a una unit\u00e0 denominata &#8220;unit\u00e0 polimetamorfica&#8221; della Val di Susa, pi\u00f9 precisamente la falda Dora-Maira (D-M), che a sua volta fa parte dell\u2019Unit\u00e0 Pennidica. Tale falda \u00e8 l&#8217;elemento tettonico inferiore della Val di Susa ed \u00e8 sormontato da una sequenza mesozoica di carbonati metasedimentari e dalle metaofioliti del Piemonte.<\/p>\n<p>L\u2019associazione cristallina della falda D-M \u00e8 caratterizzata da micascisti contenenti granato-cloritoide-fengite, gneiss a grana fine, diffusi gneiss contenenti K-feldspato e fengite, e subordinatamente metabasiti e marmi impuri. Secondo alcuni autori (Vialon, 1996) questa successione rappresenta una serie vulcano-sedimentaria del tardo Paleozoico, mentre altri autori (Bortolani e Dal Piaz, 1970) la considerano derivate da un basamento pre-Westfaliano intruso da granotoidi ercinici.<\/p>\n<p>Questo campione presenta alcuni caratteri molto importanti: staurolite e cianite pre-cinematiche, presenza di mica fengite, cloritoide con evidenze di genesi sin-cinematica e post-cinematica, in qualche caso con caratteri pre-cinematici; in quest\u2019ultimo caso la cristallizzazione potrebbe essere iniziata appena prima dell\u2019evento deformativo.<\/p>\n<p>In base a dati sperimentali il cloritoide \u00e8 stabile a temperature inferiori all\u2019associazione cianite\/staurolite. Si pu\u00f2 quindi dedurre che tale micascisto abbia subito un processo di retrometamorfismo con diminuzione di temperatura ma mantenendo una pressione elevata per la presenza di mica fengite.<\/p>\n<p><strong>VISTA A 360\u00b0<\/strong><br \/>\n<iframe loading=\"lazy\" src=\"https:\/\/www.krantz.unipr.it\/360\/244-Micascisto a cloritoide\/244- Micascisto a cloritoide.html\" width=\"1100\" height=\"700\"><span style=\"display: inline-block; width: 0px; overflow: hidden; line-height: 0;\" data-mce-type=\"bookmark\" class=\"mce_SELRES_start\">\ufeff<\/span><span style=\"display: inline-block; width: 0px; overflow: hidden; line-height: 0;\" data-mce-type=\"bookmark\" class=\"mce_SELRES_start\">\ufeff<\/span><span style=\"display: inline-block; width: 0px; overflow: hidden; line-height: 0;\" data-mce-type=\"bookmark\" class=\"mce_SELRES_start\">\ufeff<\/span><span style=\"display: inline-block; width: 0px; overflow: hidden; line-height: 0;\" data-mce-type=\"bookmark\" class=\"mce_SELRES_start\">\ufeff<\/span><span style=\"display: inline-block; width: 0px; overflow: hidden; line-height: 0;\" data-mce-type=\"bookmark\" class=\"mce_SELRES_start\">\ufeff<\/span><\/iframe><\/p>\n","protected":false},"excerpt":{"rendered":"<p><strong>Collocazione:\u00a0<\/strong>Vetrina 11, sesto ripiano<\/p>\n<p><strong>Localit\u00e0:\u00a0<\/strong>Villa Novetta, Saluzzo (Piemonte)<\/p>\n<p><b><span data-contrast=\"auto\">Descrizione macroscopica:<\/span><\/b><span data-ccp-props=\"{}\">\u00a0<\/span><\/p>\n<p>Il campione presenta una colorazione grigio chiaro\/ argentea con riflessi giallastri; presenta una struttura scistosa per l\u2019elevata quantit\u00e0 di mica (<strong><em>fengite<\/em><\/strong>). Oltre alla muscovite si riconoscono cristalli di <strong><em>cloritoide<\/em><\/strong>, prismatici di colore blu, e rari cristalli prismatici azzurri di <strong><em>cianite<\/em><\/strong>.<\/p>\n<p><b><span data-contrast=\"auto\">Descrizione\u00a0<\/span><\/b><b><span data-contrast=\"auto\">microfoto<\/span><\/b><b><span data-contrast=\"auto\">:<\/span><\/b><span data-ccp-props=\"{}\">\u00a0<\/span><\/p>\n<p>prima immagine: Fengite, Quarzo e frammenti di Cianite pre-cinematica (di cristallizzazione precedente all\u2019evento deformativo)<br \/>\nseconda immagine: Cloritoide sin-cinematico (di cristallizzazione contemporanea all\u2019evento deformativo)<br \/>\nterza immagine: Cianite pre-cinematica<br \/>\nSezioni sottili e descrizione gentilmente concessa dalla Proff.ssa Emma Salvioli<\/p>\n","protected":false},"featured_media":335,"template":"","meta":{"_lmt_disableupdate":"","_lmt_disable":""},"product_cat":[21],"product_tag":[],"class_list":{"0":"post-334","1":"product","2":"type-product","3":"status-publish","6":"product_cat-metamorfiche","8":"first","9":"outofstock","10":"shipping-taxable","11":"product-type-simple"},"_links":{"self":[{"href":"http:\/\/www.krantz.unipr.it\/index.php\/wp-json\/wp\/v2\/product\/334","targetHints":{"allow":["GET"]}}],"collection":[{"href":"http:\/\/www.krantz.unipr.it\/index.php\/wp-json\/wp\/v2\/product"}],"about":[{"href":"http:\/\/www.krantz.unipr.it\/index.php\/wp-json\/wp\/v2\/types\/product"}],"wp:featuredmedia":[{"embeddable":true,"href":"http:\/\/www.krantz.unipr.it\/index.php\/wp-json\/wp\/v2\/media\/335"}],"wp:attachment":[{"href":"http:\/\/www.krantz.unipr.it\/index.php\/wp-json\/wp\/v2\/media?parent=334"}],"wp:term":[{"taxonomy":"product_cat","embeddable":true,"href":"http:\/\/www.krantz.unipr.it\/index.php\/wp-json\/wp\/v2\/product_cat?post=334"},{"taxonomy":"product_tag","embeddable":true,"href":"http:\/\/www.krantz.unipr.it\/index.php\/wp-json\/wp\/v2\/product_tag?post=334"}],"curies":[{"name":"wp","href":"https:\/\/api.w.org\/{rel}","templated":true}]}}