{"id":152,"date":"2022-11-04T10:49:45","date_gmt":"2022-11-04T09:49:45","guid":{"rendered":"http:\/\/www.krantz.unipr.it\/?post_type=product&#038;p=152"},"modified":"2022-11-11T10:17:48","modified_gmt":"2022-11-11T09:17:48","slug":"402-kersantite","status":"publish","type":"product","link":"http:\/\/www.krantz.unipr.it\/index.php\/prodotto\/402-kersantite\/","title":{"rendered":"402- Kersantite"},"content":{"rendered":"<p><strong>VISTA A 360\u00b0<\/strong><br \/>\n<iframe loading=\"lazy\" src=\"https:\/\/www.krantz.unipr.it\/360\/402- Kersantite\/402- Kersantite.html\" width=\"1100\" height=\"700\"><span style=\"display: inline-block; width: 0px; overflow: hidden; line-height: 0;\" data-mce-type=\"bookmark\" class=\"mce_SELRES_start\">\ufeff<\/span><span style=\"display: inline-block; width: 0px; overflow: hidden; line-height: 0;\" data-mce-type=\"bookmark\" class=\"mce_SELRES_start\">\ufeff<\/span><span style=\"display: inline-block; width: 0px; overflow: hidden; line-height: 0;\" data-mce-type=\"bookmark\" class=\"mce_SELRES_start\">\ufeff<\/span><span style=\"display: inline-block; width: 0px; overflow: hidden; line-height: 0;\" data-mce-type=\"bookmark\" class=\"mce_SELRES_start\">\ufeff<\/span><\/iframe><\/p>\n","protected":false},"excerpt":{"rendered":"<p><strong>Collocazione: <\/strong>Vetrina 12, quarto ripiano<\/p>\n<p><strong>Localit\u00e0: <\/strong>Barendorf (Slesia) &#8211; Polonia<\/p>\n<p><b><span data-contrast=\"auto\">Descrizione macroscopica:<\/span><\/b><span data-ccp-props=\"{}\">\u00a0<\/span><\/p>\n<p>La kersantite o pietra di Kersanton (in francese: pierre de Kersanton) \u00e8 una roccia magmatica filoniana dei Lamprofiri, simile al granito e di colore scuro, abbondante nella regione francese della Bretagna. Prende il nome dalla localit\u00e0 bretone di Kersanton, frazione del comune di Loperhet situata nella rada di Brest. \u00c8, per la facilit\u00e0 di lavorazione e per la sua quasi indistruttibilit\u00e0, un elemento molto presente nell&#8217;architettura e nell&#8217;arte scultorea della Bretagna (ma non solo). Si ritrova in particolar modo nei calvari ed in altre sculture all&#8217;interno dei cosiddetti enclos paroissiaux , i tipici complessi parrocchiali della regione. Fu classificata nel 1851 da Delesse. (fonte wikipedia)<\/p>\n<p><b><span data-contrast=\"auto\">Descrizione\u00a0<\/span><\/b><b><span data-contrast=\"auto\">microfoto<\/span><\/b><b><span data-contrast=\"auto\">:<\/span><\/b><span data-ccp-props=\"{}\">\u00a0<\/span><\/p>\n<p>Prima fotografia cristalli fortemente alterati di plagioclasio, cristalli di flogopite e magnetite in una kersantite immagine a N\/\/, 2x (lato lungo = 7mm); seconda immagine cristalli fortemente alterati di plagioclasio, cristalli di flogopite e magnetite in una kersantite immagine a NX, 2x (lato lungo = 7mm); terza immagine cristalli fortemente alterati di plagioclasio, cristalli di flogopite, pirosseno e magnetite in una kersantite, immagine a N\/\/, 2x (lato lungo = 7mm). (http:\/\/www.alexstrekeisen.it\/vulc\/kersantite.php)<\/p>\n","protected":false},"featured_media":153,"template":"","meta":{"_lmt_disableupdate":"","_lmt_disable":""},"product_cat":[22],"product_tag":[],"class_list":{"0":"post-152","1":"product","2":"type-product","3":"status-publish","6":"product_cat-magmatiche-intrusive","8":"first","9":"outofstock","10":"shipping-taxable","11":"product-type-simple"},"_links":{"self":[{"href":"http:\/\/www.krantz.unipr.it\/index.php\/wp-json\/wp\/v2\/product\/152","targetHints":{"allow":["GET"]}}],"collection":[{"href":"http:\/\/www.krantz.unipr.it\/index.php\/wp-json\/wp\/v2\/product"}],"about":[{"href":"http:\/\/www.krantz.unipr.it\/index.php\/wp-json\/wp\/v2\/types\/product"}],"wp:featuredmedia":[{"embeddable":true,"href":"http:\/\/www.krantz.unipr.it\/index.php\/wp-json\/wp\/v2\/media\/153"}],"wp:attachment":[{"href":"http:\/\/www.krantz.unipr.it\/index.php\/wp-json\/wp\/v2\/media?parent=152"}],"wp:term":[{"taxonomy":"product_cat","embeddable":true,"href":"http:\/\/www.krantz.unipr.it\/index.php\/wp-json\/wp\/v2\/product_cat?post=152"},{"taxonomy":"product_tag","embeddable":true,"href":"http:\/\/www.krantz.unipr.it\/index.php\/wp-json\/wp\/v2\/product_tag?post=152"}],"curies":[{"name":"wp","href":"https:\/\/api.w.org\/{rel}","templated":true}]}}