{"id":114,"date":"2022-11-04T08:51:56","date_gmt":"2022-11-04T07:51:56","guid":{"rendered":"http:\/\/www.krantz.unipr.it\/?post_type=product&#038;p=114"},"modified":"2022-11-04T08:55:13","modified_gmt":"2022-11-04T07:55:13","slug":"007-travertino","status":"publish","type":"product","link":"http:\/\/www.krantz.unipr.it\/index.php\/prodotto\/007-travertino\/","title":{"rendered":"007-Travertino"},"content":{"rendered":"<p><strong>VISTA A 360\u00b0<\/strong><br \/>\n<iframe loading=\"lazy\" src=\"https:\/\/www.krantz.unipr.it\/360\/007-Travertino\/007-Travertino.html\" width=\"1100\" height=\"700\"><span style=\"display: inline-block; width: 0px; overflow: hidden; line-height: 0;\" data-mce-type=\"bookmark\" class=\"mce_SELRES_start\">\ufeff<\/span><\/iframe><\/p>\n","protected":false},"excerpt":{"rendered":"<p><strong>Collocazione: <\/strong>Vetrina 11, primo ripiano<\/p>\n<p><strong>Localit\u00e0:\u00a0<\/strong>Ascoli Piceno &#8211; Italia<\/p>\n<p><b><span data-contrast=\"auto\">Descrizione macroscopica:<\/span><\/b><span data-ccp-props=\"{}\">\u00a0<\/span><\/p>\n<p>Il travertino \u00e8 un tipo di roccia sedimentaria calcarea di colore chiaro, giallognolo di origine chimica. Sono tipiche del travertino le piccole cavit\u00e0 presenti nella struttura semicompatta. Molto resistente agli agenti atmosferici, il travertino \u00e8 usato sin dall&#8217;antichit\u00e0 romana nell&#8217;edilizia come materiale da costruzione e ornamentale.<\/p>\n<p>In Italia estesi depositi di travertino si trovano in Toscana, Lazio, Umbria e Marche. (fonte wikipedia)<\/p>\n<p><b><span data-contrast=\"auto\">Descrizione\u00a0<\/span><\/b><b><span data-contrast=\"auto\">microfoto<\/span><\/b><b><span data-contrast=\"auto\">:<\/span><\/b><span data-ccp-props=\"{}\">\u00a0<\/span><\/p>\n<p>In allestimento<\/p>\n<p>&nbsp;<\/p>\n<p>&nbsp;<\/p>\n","protected":false},"featured_media":115,"template":"","meta":{"_lmt_disableupdate":"","_lmt_disable":""},"product_cat":[20],"product_tag":[],"class_list":{"0":"post-114","1":"product","2":"type-product","3":"status-publish","6":"product_cat-sedimentarie","8":"first","9":"outofstock","10":"shipping-taxable","11":"product-type-simple"},"_links":{"self":[{"href":"http:\/\/www.krantz.unipr.it\/index.php\/wp-json\/wp\/v2\/product\/114","targetHints":{"allow":["GET"]}}],"collection":[{"href":"http:\/\/www.krantz.unipr.it\/index.php\/wp-json\/wp\/v2\/product"}],"about":[{"href":"http:\/\/www.krantz.unipr.it\/index.php\/wp-json\/wp\/v2\/types\/product"}],"wp:featuredmedia":[{"embeddable":true,"href":"http:\/\/www.krantz.unipr.it\/index.php\/wp-json\/wp\/v2\/media\/115"}],"wp:attachment":[{"href":"http:\/\/www.krantz.unipr.it\/index.php\/wp-json\/wp\/v2\/media?parent=114"}],"wp:term":[{"taxonomy":"product_cat","embeddable":true,"href":"http:\/\/www.krantz.unipr.it\/index.php\/wp-json\/wp\/v2\/product_cat?post=114"},{"taxonomy":"product_tag","embeddable":true,"href":"http:\/\/www.krantz.unipr.it\/index.php\/wp-json\/wp\/v2\/product_tag?post=114"}],"curies":[{"name":"wp","href":"https:\/\/api.w.org\/{rel}","templated":true}]}}