{"id":3,"date":"2022-06-07T13:54:15","date_gmt":"2022-06-07T11:54:15","guid":{"rendered":"http:\/\/www.krantz.unipr.it\/?page_id=3"},"modified":"2022-08-02T13:53:59","modified_gmt":"2022-08-02T11:53:59","slug":"privacy-policy","status":"publish","type":"page","link":"http:\/\/www.krantz.unipr.it\/index.php\/privacy-policy\/","title":{"rendered":"Privacy Policy"},"content":{"rendered":"<h2 class=\"wp-block-heading\">INFORMATIVA RESA AI SENSI DELL\u2019ART. 13 DEL REGOLAMENTO UE 2016\/679 (GDPR) PER I TRATTAMENTI DEI DATI RACCOLTI ATTRAVERSO LA NAVIGAZIONE WEB<\/h2><p>L\u2019Universit\u00e0 degli Studi di Parma informa gli interessati che la presente informativa riguarda i trattamenti dei dati personali degli Utenti che navigano attraverso il portale web di Ateneo <a href=\"http:\/\/www.unipr.it\">www.unipr.it<\/a> e i siti federati dettagliati nel seguito (Vedi paragrafo 11 \u2013 ELENCO DEI SITI A CUI SI RIFERISCE L\u2019INFORMATIVA), pertanto la validit\u00e0 della presente informativa \u00e8 circoscritta a tali siti internet. Le informazioni riportate in questo documento, pertanto, non rivestono alcun valore per siti web diversi da quelli suindicati, anche se accessibili a partire da collegamenti (link) forniti al loro interno. Resta ferma l\u2019osservanza, da parte dell\u2019Universit\u00e0 di Parma, della vigente normativa in materia di trasparenza e di pubblicazione obbligatoria di dati e documenti. L\u2019Universit\u00e0 si impegna ad improntare il trattamento dei dati acquisiti al rispetto dei principi generali del Regolamento UE 2016\/679 di liceit\u00e0, correttezza, trasparenza, adeguatezza, pertinenza e necessit\u00e0, con misure tecniche e organizzative adeguate in modo da tutelare la riservatezza e i diritti degli utenti.<\/p><h2 class=\"wp-block-heading\">1. SOGGETTI DEL TRATTAMENTO<\/h2><p>Il <strong>Titolare dei dati<\/strong> \u00e8 l\u2019Universit\u00e0 degli Studi di Parma, con sede in via Universit\u00e0 12, 43121 Parma, Italia,<\/p><p>Tel.+39 0521 902111&nbsp;<br>Email: <a href=\"mailto:protocollo@unipr.it\">protocollo@unipr.it<\/a><br>PEC: <a href=\"mailto:protocollo@pec.unipr.it\">protocollo@pec.unipr.it<\/a><\/p><p>Il <strong>Responsabile della Protezione dei Dati<\/strong> \u00e8 contattabile ai seguenti recapiti:<\/p><p>Email: <a href=\"mailto:dpo@unipr.it\">dpo@unipr.it<\/a><br>PEC: <a href=\"mailto:dpo@pec.unipr.it\">dpo@pec.unipr.it<\/a><\/p><h2 class=\"wp-block-heading\">2. FINALITA\u2019 DEL TRATTAMENTO<\/h2><p>I dati raccolti sono utilizzati esclusivamente nell\u2019ambito dello svolgimento delle attivit\u00e0 istituzionali dell\u2019Ateneo per le seguenti finalit\u00e0:<\/p><ul class=\"wp-block-list\"><li>consentire la navigazione del portale web;<\/li><li>fornire all\u2019utente le informazioni ed i servizi richiesti;<\/li><li>promuovere e disseminare i risultati delle attivit\u00e0 di Ricerca attraverso la presentazione delle competenze di docenti e ricercatori dell\u2019Ateneo (pubblicazione delle informazioni relative a: curriculum vitae scientifico, progetti, pubblicazioni, ecc.);<\/li><li>controllare il corretto funzionamento del portale web, svolgere attivit\u00e0 di monitoraggio a supporto della sua sicurezza ed individuare le azioni volte al suo miglioramento (per i dati di navigazione);<\/li><li>adempiere ad obblighi di legge, ottemperare ad ordini provenienti da Pubbliche Autorit\u00e0, accertare eventuali responsabilit\u00e0 in caso di ipotetici reati informatici ai danni del sito o dei suoi utilizzatori.<\/li><\/ul><h2 class=\"wp-block-heading\">3. TIPOLOGIE DEI DATI TRATTATI<\/h2><p>I sistemi informatici e le procedure applicative preposte al funzionamento del presente sito internet acquisiscono nel corso del loro normale esercizio ed in forma automatizzata le seguenti tipologie di dati:<\/p><ul class=\"wp-block-list\"><li>dati di navigazione raccolti nel corso della visita al sito web, la cui trasmissione \u00e8 implicita nell\u2019uso dei protocolli di comunicazione di Internet o nell\u2019utilizzo di tecnologie e\/o risorse web di terze parti A titolo d\u2019esempio:<ul><li>indirizzo IP del dispositivo connesso al sito (opportunamente anonimizzato durante l\u2019acquisizione), tipo di browser e dispositivo utilizzato, data ed orario di visita, pagina web di provenienza del visitatore (referral) e di uscita, ecc.;<\/li><li>dati raccolti attraverso cookie durante lo svolgimento dell\u2019attivit\u00e0 di navigazione sul sito da parte degli utenti. Per quanto attiene all&#8217;utilizzo dei cookie l&#8217;informativa e le preferenze di gestione associate sono consultabili e modificabili al paragrafo 12 \u2013 UTILIZZO DEI COOKIE.<\/li><\/ul><\/li><li>L\u2019invio facoltativo, esplicito e volontario di messaggi di posta elettronica agli indirizzi indicati su questo sito comporta la successiva acquisizione dell\u2019indirizzo del mittente, necessario per rispondere alle richieste, nonch\u00e9 degli eventuali altri dati personali inseriti nella stessa richiesta.<\/li><li>La registrazione facoltativa, esplicita e volontaria tramite appositi moduli web (form) presenti sul sito comporta la successiva acquisizione di tutti i dati riportati nei campi compilati dall\u2019utente ed il trattamento \u00e8 effettuato esclusivamente per fornire il servizio richiesto.<\/li><\/ul><h2 class=\"wp-block-heading\">4. BASI GIURIDICHE DEL TRATTAMENTO<\/h2><p>Le basi giuridiche del trattamento possono essere individuate nelle seguenti:<\/p><ul class=\"wp-block-list\"><li>esecuzione di compiti d\u2019interesse pubblico;<\/li><li>legittimo interesse;<\/li><li>trattamento dei dati utile alla prevenzione, alla repressione di eventuali frodi e di qualsiasi attivit\u00e0 illecita;<\/li><li>trattamento necessario all\u2019esecuzione di un contratto di cui l\u2019interessato \u00e8 parte;<\/li><li>consenso dell\u2019interessato ai sensi dell\u2019art. 6, comma 1, RGDP.<\/li><\/ul><p>Il conferimento dei dati e quindi il consenso alla raccolta e al trattamento dei dati \u00e8 facoltativo. L&#8217;Utente pu\u00f2 negare il consenso, e pu\u00f2 revocare in qualsiasi momento un consenso gi\u00e0 fornito. Tuttavia negare il consenso pu\u00f2 comportare l&#8217;impossibilit\u00e0 di erogare alcuni servizi e degradare l&#8217;esperienza di navigazione nel portale web.<\/p><h2 class=\"wp-block-heading\">5. MODALITA&#8217; DI TRATTAMENTO<\/h2><p>I dati personali raccolti sono trattati in osservanza dei principi di liceit\u00e0, correttezza e trasparenza, previsti dall\u2019art.5 RGPD, anche con l\u2019ausilio di strumenti informatici e telematici atti a memorizzare e gestire i dati stessi, e, comunque, in modo tale da garantirne la sicurezza e tutelare la massima riservatezza dell\u2019interessato.<\/p><p>Per alcuni siti i trattamenti sono effettuati dal Consorzio CINECA o da Amazon Web Services (AWS) nella loro qualit\u00e0 di Responsabile del trattamento ex art. 28 del GDPR, sono limitati alle finalit\u00e0 descritte al punto 3 e sono effettuati in maniera da garantire un\u2019adeguata sicurezza dei dati personali, compresa la protezione, mediante misure tecniche e organizzative adeguate, da trattamenti non autorizzati o illeciti e dalla perdita, dalla distruzione o dal danno accidentali.<\/p><h2 class=\"wp-block-heading\">6. CATEGORIE DI SOGGETTI AUTORIZZATI AL TRATTAMENTO E AI QUALI I DATI POSSONO ESSERE COMUNICATI<\/h2><p>I dati personali degli utenti saranno conosciuti e trattati, nel rispetto della vigente normativa in materia, dai dipendenti e collaboratori dell\u2019Ateneo (individuati come Autorizzati al trattamento) addetti alla gestione del portale e coinvolti nella fornitura dei servizi ad esso associati. I dati potranno essere comunicati esclusivamente:<\/p><ul class=\"wp-block-list\"><li>alle strutture dell\u2019Ateneo che ne facciano richiesta, per le finalit\u00e0 istituzionali dell\u2019Ateneo o in osservanza di obblighi legislativi;<\/li><li>a soggetti pubblici non economici o consorzi partecipati dall\u2019Ateneo (ad es. MIUR) quando la comunicazione \u00e8 necessaria per lo svolgimento di funzioni istituzionali dell\u2019ente richiedente;<\/li><li>ad eventuali soggetti esterni, individuati come Responsabili del trattamento ex art. 28 RGPD, il cui elenco aggiornato \u00e8 sempre nella disponibilit\u00e0 del Titolare;<\/li><li>alle Autorit\u00e0 di Pubblica Sicurezza o ad altri soggetti pubblici per finalit\u00e0 di difesa, sicurezza dello Stato ed accertamento dei reati o all\u2019Autorit\u00e0 Giudiziaria in ottemperanza ad obblighi di legge, laddove si ravvisino ipotesi di reato.<\/li><\/ul><p>Al di fuori dei predetti casi, i dati personali non vengono in nessun modo e per alcun motivo comunicati o diffusi a terzi. Non saranno, infine, trasferiti dati personali verso Paesi terzi od organizzazioni internazionali a meno che ci\u00f2 non sia strettamente connesso a richieste specifiche provenienti dall\u2019utente, per le quali si acquisir\u00e0 apposito consenso.<\/p><h2 class=\"wp-block-heading\">7. CONSERVAZIONE<\/h2><p>In relazione alle diverse finalit\u00e0 e agli scopi per i quali sono stati raccolti, i dati saranno conservati per il tempo previsto dalla normativa di riferimento ovvero per quello strettamente necessario al perseguimento delle finalit\u00e0.<\/p><h2 class=\"wp-block-heading\">8. DIRITTI DEGLI INTERESSATI<\/h2><p>Gli interessati hanno il diritto di ottenere dall\u2019Universit\u00e0 di Parma, nei casi previsti, l&#8217;accesso ai propri dati personali e la rettifica o la cancellazione degli stessi o la limitazione del trattamento che li riguarda o di opporsi al trattamento (artt. 15 e ss. del Regolamento).<br>L\u2019istanza \u00e8 presentata contattando il Responsabile della protezione dei dati agli indirizzi elencati nell\u2019art. 1 del presente documento. Maggiori informazioni possono essere trovate nella pagina <a href=\"https:\/\/www.unipr.it\/privacy-diritti-degli-interessati\">Diritti degli Interessati<\/a>.<\/p><h2 class=\"wp-block-heading\">9. DIRITTO DI RECLAMO<\/h2><p>Gli interessati che ritengono che il trattamento dei dati personali a loro riferiti effettuato attraverso questo sito avvenga in violazione di quanto previsto dal Regolamento, hanno il diritto di proporre reclamo al Garante, come previsto dall&#8217;art. 77 del Regolamento stesso, o di adire le opportune sedi giudiziarie (art. 79 del Regolamento).<\/p><h2 class=\"wp-block-heading\">10. MODIFICHE ALLE INFORMAZIONI<\/h2><p>Le presenti informazioni potrebbero subire delle modifiche nel corso del tempo. Si consiglia, pertanto, di verificare che la versione a cui ci si riferisce sia la pi\u00f9 aggiornata possibile accedendo alla sezione Privacy del portale web.<\/p><h2 class=\"wp-block-heading\">11. ELENCO DEI SITI A CUI SI RIFERISCE L\u2019INFORMATIVA<\/h2><p>La presente informativa si applica ai seguenti siti:<\/p><h3 class=\"wp-block-heading\"><strong>GRUPPO A (siti ospitati su AWS gestiti con Cookiebot)<\/strong><\/h3><ul class=\"wp-block-list\"><li>Portale istituzionale: <a href=\"https:\/\/www.unipr.it\">https:\/\/www.unipr.it<\/a><\/li><\/ul><h3 class=\"wp-block-heading\"><strong>GRUPPO B (siti ospitati su AWS non gestiti con Cookiebot)<\/strong><\/h3><ul class=\"wp-block-list\"><li>Sito dei corsi di studio e dell\u2019offerta formativa: <a href=\"https:\/\/corsi.unipr.it\" target=\"_blank\" rel=\"noreferrer noopener\">https:\/\/corsi.unipr.it<\/a><\/li><\/ul><h3 class=\"wp-block-heading\"><strong>GRUPPO C (siti ospitati da CINECA)<\/strong><\/h3><ul class=\"wp-block-list\"><li><strong>Siti dipartimentali:<\/strong><\/li><li><a href=\"https:\/\/dusic.unipr.it\/it\" target=\"_blank\" rel=\"noreferrer noopener\">https:\/\/dusic.unipr.it\/it<\/a><\/li><li><a href=\"https:\/\/gspi.unipr.it\/it\" target=\"_blank\" rel=\"noreferrer noopener\">https:\/\/gspi.unipr.it\/it<\/a><\/li><li><a href=\"https:\/\/dia.unipr.it\/it\" target=\"_blank\" rel=\"noreferrer noopener\">https:\/\/dia.unipr.it\/it<\/a><\/li><li><a href=\"https:\/\/mc.unipr.it\/it\" target=\"_blank\" rel=\"noreferrer noopener\">https:\/\/mc.unipr.it\/it<\/a><\/li><li><a href=\"https:\/\/scvsa.unipr.it\/it\" target=\"_blank\" rel=\"noreferrer noopener\">https:\/\/scvsa.unipr.it\/it<\/a><\/li><li><a href=\"https:\/\/saf.unipr.it\/it\" target=\"_blank\" rel=\"noreferrer noopener\">https:\/\/saf.unipr.it\/it<\/a><\/li><li><a href=\"https:\/\/sea.unipr.it\/it\" target=\"_blank\" rel=\"noreferrer noopener\">https:\/\/sea.unipr.it\/it<\/a><\/li><li><a href=\"https:\/\/smfi.unipr.it\/it\" target=\"_blank\" rel=\"noreferrer noopener\">https:\/\/smfi.unipr.it\/it<\/a><\/li><li><a href=\"https:\/\/smv.unipr.it\/it\" target=\"_blank\" rel=\"noreferrer noopener\">https:\/\/smv.unipr.it\/it<\/a><\/li><li><strong>Sito delle pagine personali<\/strong>: <a href=\"https:\/\/personale.unipr.it\" target=\"_blank\" rel=\"noreferrer noopener\">https:\/\/personale.unipr.it<\/a><\/li><li><strong>Sito Amministrazione Trasparente<\/strong>: <a href=\"https:\/\/ trasparenza.unipr.it\">https:\/\/ trasparenza.unipr.it<\/a><\/li><li><strong>Sito delle Biblioteche<\/strong>: <a href=\"https:\/\/www.biblioteche.unipr.it\/it\" target=\"_blank\" rel=\"noreferrer noopener\">https:\/\/www.biblioteche.unipr.it\/it<\/a><\/li><\/ul><h2 class=\"wp-block-heading\">12. UTILIZZO DEI COOKIE<\/h2><p>I cookie sono file di testo di piccole dimensioni che un sito invia al browser dell\u2019utente per essere memorizzati e ritrasmessi allo stesso sito alla successiva visita. Attraverso i cookie \u00e8 possibile raccogliere informazioni relative all\u2019utente che visiti un sito web (es. data, l\u2019ora, le pagine visitate, il tempo trascorso sul sito \u2026), alcune delle quali possono rientrare nella definizione di dato personale ed essere quindi soggette a specifiche norme di legge.<\/p><p>Ogni sito pu\u00f2 utilizzare diverse categorie di cookie tra quelle descritte nel seguito, che sono evidenziate nel banner di richiesta de consenso che viene proposto all\u2019utente alla prima visita.<\/p><h3 class=\"wp-block-heading\">Cookie di tecnici<\/h3><p>I cookie tecnici sono necessari per garantire il corretto funzionamento del sito e contribuiscono a renderlo maggiormente fruibile abilitandone funzionalit\u00e0 di base quali la navigazione sulle pagine e l&#8217;accesso alle eventuali aree protette del sito. Se in un sito vengono utilizzati solo cookie tecnici non \u00e8 necessario proporre il banner di consenso in quanto non vengono trattati dati personali.<\/p><h3 class=\"wp-block-heading\">Cookie di monitoraggio<\/h3><p>L&#8217;Ateneo di Parma si avvale di servizi di monitoraggio delle statistiche di accesso ai propri siti per analizzare l\u2019interazione con gli utenti raccogliendo e trasmettendo informazioni in forma anonimizzata.<\/p><h3 class=\"wp-block-heading\">Cookie di profilazione<\/h3><p>I cookie di profilazione sono finalizzati solo ed esclusivamente a comprendere le preferenze dei singoli utenti in modo tale da sottoporre loro durante la navigazionecontenuti specializzati e plausibilmente di loro interesse.<\/p><h3 class=\"wp-block-heading\">Cookie di terze parti<\/h3><p>I siti oggetto dell&#8217;informativa possono fare uso di contenuti e di servizi di \u201cterze parti\u201d in conseguenza dell\u2019incorporamento nella pagine web di risorse esterne (come mappe, immagini, video &#8230;) in fase di redazione dei contenuti con lo scopo di ampliarne le funzionalit\u00e0 e migliorare l\u2019esperienza di navigazione dei suoi utenti. Pertanto \u00e8 possibile che durante la navigazione l\u2019utente riceva sul suo dispositivo anche cookie gestiti da altre organizzazioni (c.d. cookie di &#8220;terze parti&#8221;), tipicamente di profilazione, senza che il Titolare ne sia a conoscenza, n\u00e9 possa intervenire su di essi.<\/p><h3 class=\"wp-block-heading\">Cookie policy specifica per i siti del GRUPPO A (Cookiebot)<\/h3><p>Questo sito web utilizza i cookie. Utilizziamo i cookie per personalizzare contenuti ed annunci, per fornire funzionalit\u00e0 dei social media e per analizzare il nostro traffico. Condividiamo inoltre informazioni sul modo in cui utilizza il nostro sito con i nostri partner che si occupano di analisi dei dati web, pubblicit\u00e0 e social media, i quali potrebbero combinarle con altre informazioni che ha fornito loro o che hanno raccolto dal suo utilizzo dei loro servizi. <a href=\"https:\/\/www.unipr.it\/privacypolicy\" target=\"_blank\" rel=\"noreferrer noopener\">Cookie Policy.<\/a><\/p><p>I cookie sono piccoli file di testo che possono essere utilizzati dai siti web per rendere pi\u00f9 efficiente l&#8217;esperienza per l&#8217;utente.<br><br>La legge afferma che possiamo memorizzare i cookie sul suo dispositivo se sono strettamente necessari per il funzionamento di questo sito. Per tutti gli altri tipi di cookie abbiamo bisogno del suo permesso.<br><br>Questo sito utilizza diversi tipi di cookie. Alcuni cookie sono collocate da servizi di terzi che compaiono sulle nostre pagine.<br><br>In qualsiasi momento \u00e8 possibile modificare o revocare il proprio consenso dalla <a href=\"https:\/\/www.unipr.it\/privacypolicy\" target=\"_blank\" rel=\"noreferrer noopener\">Dichiarazione dei cookie<\/a> sul nostro sito Web.<br><br>Scopra di pi\u00f9 su chi siamo, come pu\u00f2 contattarci e come trattiamo i dati personali nella nostra <a href=\"https:\/\/www.unipr.it\/privacypolicy\" target=\"_blank\" rel=\"noreferrer noopener\">Informativa sulla privacy.<\/a><br><br>Specifica l\u2019ID del tuo consenso e la data di quando ci hai contattati per quanto riguarda il tuo consenso.<\/p><p>Il tuo consenso si applica ai seguenti siti web: www.unipr.it<\/p><p>Il tuo stato attuale: Rifiuta.&nbsp;<\/p><p id=\"CookieDeclarationConsentIdAndDate\">ID del consenso: 2kH4NjeSZoWrW9buvwQ\/b352WImKkMbWE4vOhwYu9qGXm1TjTa00YQ==Data del consenso: gioved\u00ec 7 luglio 2022 16:06:22 CEST<\/p><p><a href=\"https:\/\/www.unipr.it\/privacypolicy#\">Modifica consenso<\/a><\/p><p>Dichiarazione Cookie aggiornata l&#8217;ultima volta il 20\/07\/22 da <a href=\"https:\/\/www.cookiebot.com\" target=\"_blank\" rel=\"noreferrer noopener\">Cookiebot<\/a>:<\/p><p>Necessari (3)<\/p><p>I cookie necessari contribuiscono a rendere fruibile il sito web abilitandone funzionalit\u00e0 di base quali la navigazione sulle pagine e l&#8217;accesso alle aree protette del sito. Il sito web non \u00e8 in grado di funzionare correttamente senza questi cookie.<\/p><figure class=\"wp-block-table\"><table><thead><tr><th scope=\"col\">Nome<\/th><th scope=\"col\">Fornitore<\/th><th scope=\"col\">Scopo<\/th><th scope=\"col\">Scadenza<\/th><th scope=\"col\">Tipo<\/th><\/tr><\/thead><tbody><tr><td>CONSENT [x2]<\/td><td><a target=\"_blank\" rel=\"noreferrer noopener\" href=\"https:\/\/policies.google.com\/privacy\">Google<\/a><br><a target=\"_blank\" rel=\"noreferrer noopener\" href=\"https:\/\/policies.google.com\/privacy\">YouTube<\/a><\/td><td>Utilizzato per rilevare se il visitatore ha accettato la categoria di marketing nel banner dei cookie. Questo cookie \u00e8 necessario per la conformit\u00e0 GDPR del sito web.<\/td><td>2 anni<\/td><td>HTTP Cookie<\/td><\/tr><tr><td>CookieConsent<\/td><td><a target=\"_blank\" rel=\"noreferrer noopener\" href=\"https:\/\/www.cookiebot.com\/goto\/privacy-policy\/\">Cookiebot<\/a><\/td><td>Memorizza lo stato del consenso ai cookie dell&#8217;utente per il dominio corrente<\/td><td>6 mesi<\/td><td>HTTP Cookie<\/td><\/tr><\/tbody><\/table><\/figure><p>Marketing (12)<\/p><p>I cookie di marketing vengono utilizzati per tracciare i visitatori sui siti web. La finalit\u00e0 \u00e8 quella di presentare annunci pubblicitari che siano rilevanti e coinvolgenti per il singolo utente e quindi di maggior valore per editori e inserzionisti di terze parti.<\/p><figure class=\"wp-block-table\"><table><thead><tr><th scope=\"col\">Nome<\/th><th scope=\"col\">Fornitore<\/th><th scope=\"col\">Scopo<\/th><th scope=\"col\">Scadenza<\/th><th scope=\"col\">Tipo<\/th><\/tr><\/thead><tbody><tr><td>VISITOR_INFO1_LIVE<\/td><td><a target=\"_blank\" rel=\"noreferrer noopener\" href=\"https:\/\/policies.google.com\/privacy\">YouTube<\/a><\/td><td>Prova a stimare la velocit\u00e0 della connessione dell&#8217;utente su pagine con video YouTube integrati.<\/td><td>179 giorni<\/td><td>HTTP Cookie<\/td><\/tr><tr><td>YSC<\/td><td><a target=\"_blank\" rel=\"noreferrer noopener\" href=\"https:\/\/policies.google.com\/privacy\">YouTube<\/a><\/td><td>Registra un ID univoco per statistiche legate a quali video YouTube sono stati visualizzati dall&#8217;utente.<\/td><td>Session<\/td><td>HTTP Cookie<\/td><\/tr><tr><td>yt.innertube::nextId<\/td><td><a target=\"_blank\" rel=\"noreferrer noopener\" href=\"https:\/\/policies.google.com\/privacy\">YouTube<\/a><\/td><td>Registra un ID univoco per statistiche legate a quali video YouTube sono stati visualizzati dall&#8217;utente.<\/td><td>Persistent<\/td><td>HTML Local Storage<\/td><\/tr><tr><td>yt.innertube::requests<\/td><td><a target=\"_blank\" rel=\"noreferrer noopener\" href=\"https:\/\/policies.google.com\/privacy\">YouTube<\/a><\/td><td>Registra un ID univoco per statistiche legate a quali video YouTube sono stati visualizzati dall&#8217;utente.<\/td><td>Persistent<\/td><td>HTML Local Storage<\/td><\/tr><tr><td>ytidb::LAST_RESULT_ENTRY_KEY<\/td><td><a target=\"_blank\" rel=\"noreferrer noopener\" href=\"https:\/\/policies.google.com\/privacy\">YouTube<\/a><\/td><td>Memorizza le preferenze del lettore video dell&#8217;utente usando il video YouTube incorporato<\/td><td>Persistent<\/td><td>HTML Local Storage<\/td><\/tr><tr><td>yt-remote-cast-available<\/td><td><a target=\"_blank\" rel=\"noreferrer noopener\" href=\"https:\/\/policies.google.com\/privacy\">YouTube<\/a><\/td><td>Memorizza le preferenze del lettore video dell&#8217;utente usando il video YouTube incorporato<\/td><td>Session<\/td><td>HTML Local Storage<\/td><\/tr><tr><td>yt-remote-cast-installed<\/td><td><a target=\"_blank\" rel=\"noreferrer noopener\" href=\"https:\/\/policies.google.com\/privacy\">YouTube<\/a><\/td><td>Memorizza le preferenze del lettore video dell&#8217;utente usando il video YouTube incorporato<\/td><td>Session<\/td><td>HTML Local Storage<\/td><\/tr><tr><td>yt-remote-connected-devices<\/td><td><a target=\"_blank\" rel=\"noreferrer noopener\" href=\"https:\/\/policies.google.com\/privacy\">YouTube<\/a><\/td><td>Memorizza le preferenze del lettore video dell&#8217;utente usando il video YouTube incorporato<\/td><td>Persistent<\/td><td>HTML Local Storage<\/td><\/tr><tr><td>yt-remote-device-id<\/td><td><a target=\"_blank\" rel=\"noreferrer noopener\" href=\"https:\/\/policies.google.com\/privacy\">YouTube<\/a><\/td><td>Memorizza le preferenze del lettore video dell&#8217;utente usando il video YouTube incorporato<\/td><td>Persistent<\/td><td>HTML Local Storage<\/td><\/tr><tr><td>yt-remote-fast-check-period<\/td><td><a target=\"_blank\" rel=\"noreferrer noopener\" href=\"https:\/\/policies.google.com\/privacy\">YouTube<\/a><\/td><td>Memorizza le preferenze del lettore video dell&#8217;utente usando il video YouTube incorporato<\/td><td>Session<\/td><td>HTML Local Storage<\/td><\/tr><tr><td>yt-remote-session-app<\/td><td><a target=\"_blank\" rel=\"noreferrer noopener\" href=\"https:\/\/policies.google.com\/privacy\">YouTube<\/a><\/td><td>Memorizza le preferenze del lettore video dell&#8217;utente usando il video YouTube incorporato<\/td><td>Session<\/td><td>HTML Local Storage<\/td><\/tr><tr><td>yt-remote-session-name<\/td><td><a target=\"_blank\" rel=\"noreferrer noopener\" href=\"https:\/\/policies.google.com\/privacy\">YouTube<\/a><\/td><td>Memorizza le preferenze del lettore video dell&#8217;utente usando il video YouTube incorporato<\/td><td>Session<\/td><td>HTML Local Storage<\/td><\/tr><\/tbody><\/table><\/figure><h3 class=\"wp-block-heading\">Cookie policy specifica per i siti del GRUPPO B<\/h3><p>Su questi siti sono presenti cookie tecnici e di monitoraggio (<a href=\"https:\/\/webanalytics.italia.it\/privacy\" target=\"_blank\" rel=\"noreferrer noopener\">Web Analytics Italia<\/a>) oltre che eventuali cookie di terze parti come descritto al paragrafo &#8220;<strong>Cookie di terze parti<\/strong>&#8220;.<\/p><h3 class=\"wp-block-heading\">Cookie policy specifica per i siti del GRUPPO C<\/h3><p>Su questi siti \u00e8 utilizzato Google Analytics, un servizio di analisi dei dati fornito dalla societ\u00e0 Google Inc, che consente di raccogliere informazioni, in forma aggregata, sul numero degli utenti e su come questi visitano il sito e quindi elaborare statistiche generali per finalit\u00e0 migliorative del servizio di comunicazione.<\/p><p>Per quanto riguarda i cookie di profilazione di terze parti, in concomitanza con le campagne di immatricolazione possono essere presenti i seguenti cookie per monitorare l\u2019interazione con i social network e con la piattaforma Google; le informazioni raccolte possono essere trasferite ai partner con finalit\u00e0 di remarketing e behavioral targeting.<\/p><p><strong>Facebook Remarketing (Facebook, Inc.)<\/strong><\/p><p>Facebook Remarketing \u00e8 un servizio di Remarketing e Behavioral Targeting fornito da Facebook, Inc. che collega l&#8217;attivit\u00e0 di questo sito web con il network di advertising Facebook.<\/p><ul class=\"wp-block-list\"><li>Dati personali raccolti: Cookie e Dati di utilizzo.<\/li><li>Luogo del trattamento: USA &#8211; Privacy Policy &#8211; Opt out.<\/li><\/ul><p><strong>Google Adwords (Google, Inc.)<\/strong><\/p><p>Google Adwords \u00e8 un servizio di pubblicit\u00e0 mirata fornito da Google, Inc. che collega l\u2019attivit\u00e0 di questo sito web con il network di advertising di Google.<\/p><ul class=\"wp-block-list\"><li>Luogo del trattamento: USA<\/li><li>Per consultare l\u2019informativa privacy di Google Inc., si rinvia al sito Internet&nbsp;<a href=\"http:\/\/www.google.com\/intl\/it\/policies\/privacy\" target=\"_blank\" rel=\"noreferrer noopener\">http:\/\/www.google.com\/intl\/it\/policies\/privacy<\/a><\/li><li>Opt out:&nbsp;<a href=\"https:\/\/support.google.com\/ads\/answer\/2662922?hl=it&amp;ref_topic=2941003\" target=\"_blank\" rel=\"noreferrer noopener\">https:\/\/support.google.com\/ads\/answer\/2662922?hl=it&amp;ref_topic=2941003<\/a><\/li><\/ul><p>Modificato il 17\/06\/2022<\/p>","protected":false},"excerpt":{"rendered":"<p>INFORMATIVA RESA AI SENSI DELL\u2019ART. 13 DEL REGOLAMENTO UE 2016\/679 (GDPR) PER I TRATTAMENTI DEI DATI RACCOLTI ATTRAVERSO LA NAVIGAZIONE WEB L\u2019Universit\u00e0 degli Studi di Parma informa gli interessati che<\/p>\n","protected":false},"author":1,"featured_media":0,"parent":0,"menu_order":0,"comment_status":"closed","ping_status":"open","template":"","meta":{"_lmt_disableupdate":"","_lmt_disable":"","footnotes":""},"class_list":{"1":"page","2":"type-page","3":"status-publish","4":"hentry"},"_links":{"self":[{"href":"http:\/\/www.krantz.unipr.it\/index.php\/wp-json\/wp\/v2\/pages\/3","targetHints":{"allow":["GET"]}}],"collection":[{"href":"http:\/\/www.krantz.unipr.it\/index.php\/wp-json\/wp\/v2\/pages"}],"about":[{"href":"http:\/\/www.krantz.unipr.it\/index.php\/wp-json\/wp\/v2\/types\/page"}],"author":[{"embeddable":true,"href":"http:\/\/www.krantz.unipr.it\/index.php\/wp-json\/wp\/v2\/users\/1"}],"replies":[{"embeddable":true,"href":"http:\/\/www.krantz.unipr.it\/index.php\/wp-json\/wp\/v2\/comments?post=3"}],"version-history":[{"count":1,"href":"http:\/\/www.krantz.unipr.it\/index.php\/wp-json\/wp\/v2\/pages\/3\/revisions"}],"predecessor-version":[{"id":89,"href":"http:\/\/www.krantz.unipr.it\/index.php\/wp-json\/wp\/v2\/pages\/3\/revisions\/89"}],"wp:attachment":[{"href":"http:\/\/www.krantz.unipr.it\/index.php\/wp-json\/wp\/v2\/media?parent=3"}],"curies":[{"name":"wp","href":"https:\/\/api.w.org\/{rel}","templated":true}]}}